

{"id":32198,"date":"2025-07-18T12:01:37","date_gmt":"2025-07-18T10:01:37","guid":{"rendered":"https:\/\/www.costabravafoods.com\/producto\/saucisse-seche-payes\/"},"modified":"2025-09-30T18:52:27","modified_gmt":"2025-09-30T16:52:27","slug":"saucisse-seche-payes","status":"publish","type":"product","link":"https:\/\/www.costabravafoods.com\/fr\/produit\/saucisse-seche-payes\/","title":{"rendered":"Saucisse s\u00e8che Pay\u00e9s"},"content":{"rendered":"<p>Saucisse s\u00e8che Costa Brava Mediterranean Foods, \u00e9labor\u00e9e selon la recette traditionnelle pour obtenir le go\u00fbt d\u2019autrefois de la meilleure charcuterie. \u00c9labor\u00e9e avec de la viande de porc finement hach\u00e9e, elle est \u00e9pic\u00e9e et s\u00e9ch\u00e9e lentement pour obtenir son go\u00fbt et son ar\u00f4me caract\u00e9ristiques.<\/p>\n","protected":false},"excerpt":{"rendered":"<p>Saucisse s\u00e8che recette d\u2019antan.<\/p>\n","protected":false},"featured_media":18402,"template":"","meta":[],"product_brand":[],"product_cat":[360,354],"product_tag":[],"corte_cerdo":[],"corte_vacuno":[],"fresh_retail":[646],"conservacion":[356],"envase":[357],"tipo_corte":[656],"class_list":{"0":"post-32198","1":"product","2":"type-product","3":"status-publish","4":"has-post-thumbnail","6":"product_cat-fuet-fr","7":"product_cat-tradition-fr","8":"fresh_retail-porc-fr","9":"conservacion-temperature-ambiante","10":"envase-atmosphere-protectrice","11":"tipo_corte-piece-fr","13":"first","14":"instock","15":"product-type-simple"},"yoast_head":"<!-- This site is optimized with the Yoast SEO plugin v27.2 - https:\/\/yoast.com\/product\/yoast-seo-wordpress\/ -->\n<title>Saucisse s\u00e8che Pay\u00e9s<\/title>\n<meta name=\"description\" content=\"Saucisse s\u00e8che recette d\u2019antan.\" \/>\n<meta name=\"robots\" content=\"index, follow, max-snippet:-1, max-image-preview:large, max-video-preview:-1\" \/>\n<link rel=\"canonical\" href=\"https:\/\/www.costabravafoods.com\/fr\/produit\/saucisse-seche-payes\/\" \/>\n<meta property=\"og:locale\" content=\"fr_FR\" \/>\n<meta property=\"og:type\" content=\"article\" \/>\n<meta property=\"og:title\" content=\"Saucisse s\u00e8che Pay\u00e9s\" \/>\n<meta property=\"og:description\" content=\"Saucisse s\u00e8che recette d\u2019antan.\" \/>\n<meta property=\"og:url\" content=\"https:\/\/www.costabravafoods.com\/fr\/produit\/saucisse-seche-payes\/\" \/>\n<meta property=\"og:site_name\" content=\"Costa Brava Foods\" \/>\n<meta property=\"article:modified_time\" content=\"2025-09-30T16:52:27+00:00\" \/>\n<meta property=\"og:image\" content=\"https:\/\/www.costabravafoods.com\/wp-content\/uploads\/2025\/07\/longaniza-payes.jpg\" \/>\n\t<meta property=\"og:image:width\" content=\"1000\" \/>\n\t<meta property=\"og:image:height\" content=\"1000\" \/>\n\t<meta property=\"og:image:type\" content=\"image\/jpeg\" \/>\n<meta name=\"twitter:card\" content=\"summary_large_image\" \/>\n<script type=\"application\/ld+json\" class=\"yoast-schema-graph\">{\"@context\":\"https:\/\/schema.org\",\"@graph\":[{\"@type\":\"WebPage\",\"@id\":\"https:\/\/www.costabravafoods.com\/fr\/produit\/saucisse-seche-payes\/\",\"url\":\"https:\/\/www.costabravafoods.com\/fr\/produit\/saucisse-seche-payes\/\",\"name\":\"Saucisse s\u00e8che Pay\u00e9s\",\"isPartOf\":{\"@id\":\"https:\/\/www.costabravafoods.com\/#website\"},\"primaryImageOfPage\":{\"@id\":\"https:\/\/www.costabravafoods.com\/fr\/produit\/saucisse-seche-payes\/#primaryimage\"},\"image\":{\"@id\":\"https:\/\/www.costabravafoods.com\/fr\/produit\/saucisse-seche-payes\/#primaryimage\"},\"thumbnailUrl\":\"https:\/\/www.costabravafoods.com\/wp-content\/uploads\/2025\/07\/longaniza-payes.jpg\",\"datePublished\":\"2025-07-18T10:01:37+00:00\",\"dateModified\":\"2025-09-30T16:52:27+00:00\",\"description\":\"Saucisse s\u00e8che recette d\u2019antan.\",\"breadcrumb\":{\"@id\":\"https:\/\/www.costabravafoods.com\/fr\/produit\/saucisse-seche-payes\/#breadcrumb\"},\"inLanguage\":\"fr-FR\",\"potentialAction\":[{\"@type\":\"ReadAction\",\"target\":[\"https:\/\/www.costabravafoods.com\/fr\/produit\/saucisse-seche-payes\/\"]}]},{\"@type\":\"ImageObject\",\"inLanguage\":\"fr-FR\",\"@id\":\"https:\/\/www.costabravafoods.com\/fr\/produit\/saucisse-seche-payes\/#primaryimage\",\"url\":\"https:\/\/www.costabravafoods.com\/wp-content\/uploads\/2025\/07\/longaniza-payes.jpg\",\"contentUrl\":\"https:\/\/www.costabravafoods.com\/wp-content\/uploads\/2025\/07\/longaniza-payes.jpg\",\"width\":1000,\"height\":1000,\"caption\":\"Saucisse s\u00e8che recette d\u2019antan.\"},{\"@type\":\"BreadcrumbList\",\"@id\":\"https:\/\/www.costabravafoods.com\/fr\/produit\/saucisse-seche-payes\/#breadcrumb\",\"itemListElement\":[{\"@type\":\"ListItem\",\"position\":1,\"name\":\"Portada\",\"item\":\"https:\/\/www.costabravafoods.com\/fr\/\"},{\"@type\":\"ListItem\",\"position\":2,\"name\":\"Produits\",\"item\":\"https:\/\/www.costabravafoods.com\/productos\/\"},{\"@type\":\"ListItem\",\"position\":3,\"name\":\"Saucisse s\u00e8che Pay\u00e9s\"}]},{\"@type\":\"WebSite\",\"@id\":\"https:\/\/www.costabravafoods.com\/#website\",\"url\":\"https:\/\/www.costabravafoods.com\/\",\"name\":\"Costa Brava Foods\",\"description\":\"\",\"potentialAction\":[{\"@type\":\"SearchAction\",\"target\":{\"@type\":\"EntryPoint\",\"urlTemplate\":\"https:\/\/www.costabravafoods.com\/?s={search_term_string}\"},\"query-input\":{\"@type\":\"PropertyValueSpecification\",\"valueRequired\":true,\"valueName\":\"search_term_string\"}}],\"inLanguage\":\"fr-FR\"}]}<\/script>\n<!-- \/ Yoast SEO plugin. -->","yoast_head_json":{"title":"Saucisse s\u00e8che Pay\u00e9s","description":"Saucisse s\u00e8che recette d\u2019antan.","robots":{"index":"index","follow":"follow","max-snippet":"max-snippet:-1","max-image-preview":"max-image-preview:large","max-video-preview":"max-video-preview:-1"},"canonical":"https:\/\/www.costabravafoods.com\/fr\/produit\/saucisse-seche-payes\/","og_locale":"fr_FR","og_type":"article","og_title":"Saucisse s\u00e8che Pay\u00e9s","og_description":"Saucisse s\u00e8che recette d\u2019antan.","og_url":"https:\/\/www.costabravafoods.com\/fr\/produit\/saucisse-seche-payes\/","og_site_name":"Costa Brava Foods","article_modified_time":"2025-09-30T16:52:27+00:00","og_image":[{"width":1000,"height":1000,"url":"https:\/\/www.costabravafoods.com\/wp-content\/uploads\/2025\/07\/longaniza-payes.jpg","type":"image\/jpeg"}],"twitter_card":"summary_large_image","schema":{"@context":"https:\/\/schema.org","@graph":[{"@type":"WebPage","@id":"https:\/\/www.costabravafoods.com\/fr\/produit\/saucisse-seche-payes\/","url":"https:\/\/www.costabravafoods.com\/fr\/produit\/saucisse-seche-payes\/","name":"Saucisse s\u00e8che Pay\u00e9s","isPartOf":{"@id":"https:\/\/www.costabravafoods.com\/#website"},"primaryImageOfPage":{"@id":"https:\/\/www.costabravafoods.com\/fr\/produit\/saucisse-seche-payes\/#primaryimage"},"image":{"@id":"https:\/\/www.costabravafoods.com\/fr\/produit\/saucisse-seche-payes\/#primaryimage"},"thumbnailUrl":"https:\/\/www.costabravafoods.com\/wp-content\/uploads\/2025\/07\/longaniza-payes.jpg","datePublished":"2025-07-18T10:01:37+00:00","dateModified":"2025-09-30T16:52:27+00:00","description":"Saucisse s\u00e8che recette d\u2019antan.","breadcrumb":{"@id":"https:\/\/www.costabravafoods.com\/fr\/produit\/saucisse-seche-payes\/#breadcrumb"},"inLanguage":"fr-FR","potentialAction":[{"@type":"ReadAction","target":["https:\/\/www.costabravafoods.com\/fr\/produit\/saucisse-seche-payes\/"]}]},{"@type":"ImageObject","inLanguage":"fr-FR","@id":"https:\/\/www.costabravafoods.com\/fr\/produit\/saucisse-seche-payes\/#primaryimage","url":"https:\/\/www.costabravafoods.com\/wp-content\/uploads\/2025\/07\/longaniza-payes.jpg","contentUrl":"https:\/\/www.costabravafoods.com\/wp-content\/uploads\/2025\/07\/longaniza-payes.jpg","width":1000,"height":1000,"caption":"Saucisse s\u00e8che recette d\u2019antan."},{"@type":"BreadcrumbList","@id":"https:\/\/www.costabravafoods.com\/fr\/produit\/saucisse-seche-payes\/#breadcrumb","itemListElement":[{"@type":"ListItem","position":1,"name":"Portada","item":"https:\/\/www.costabravafoods.com\/fr\/"},{"@type":"ListItem","position":2,"name":"Produits","item":"https:\/\/www.costabravafoods.com\/productos\/"},{"@type":"ListItem","position":3,"name":"Saucisse s\u00e8che Pay\u00e9s"}]},{"@type":"WebSite","@id":"https:\/\/www.costabravafoods.com\/#website","url":"https:\/\/www.costabravafoods.com\/","name":"Costa Brava Foods","description":"","potentialAction":[{"@type":"SearchAction","target":{"@type":"EntryPoint","urlTemplate":"https:\/\/www.costabravafoods.com\/?s={search_term_string}"},"query-input":{"@type":"PropertyValueSpecification","valueRequired":true,"valueName":"search_term_string"}}],"inLanguage":"fr-FR"}]}},"_links":{"self":[{"href":"https:\/\/www.costabravafoods.com\/fr\/wp-json\/wp\/v2\/product\/32198","targetHints":{"allow":["GET"]}}],"collection":[{"href":"https:\/\/www.costabravafoods.com\/fr\/wp-json\/wp\/v2\/product"}],"about":[{"href":"https:\/\/www.costabravafoods.com\/fr\/wp-json\/wp\/v2\/types\/product"}],"wp:featuredmedia":[{"embeddable":true,"href":"https:\/\/www.costabravafoods.com\/fr\/wp-json\/wp\/v2\/media\/18402"}],"wp:attachment":[{"href":"https:\/\/www.costabravafoods.com\/fr\/wp-json\/wp\/v2\/media?parent=32198"}],"wp:term":[{"taxonomy":"product_brand","embeddable":true,"href":"https:\/\/www.costabravafoods.com\/fr\/wp-json\/wp\/v2\/product_brand?post=32198"},{"taxonomy":"product_cat","embeddable":true,"href":"https:\/\/www.costabravafoods.com\/fr\/wp-json\/wp\/v2\/product_cat?post=32198"},{"taxonomy":"product_tag","embeddable":true,"href":"https:\/\/www.costabravafoods.com\/fr\/wp-json\/wp\/v2\/product_tag?post=32198"},{"taxonomy":"corte_cerdo","embeddable":true,"href":"https:\/\/www.costabravafoods.com\/fr\/wp-json\/wp\/v2\/corte_cerdo?post=32198"},{"taxonomy":"corte_vacuno","embeddable":true,"href":"https:\/\/www.costabravafoods.com\/fr\/wp-json\/wp\/v2\/corte_vacuno?post=32198"},{"taxonomy":"fresh_retail","embeddable":true,"href":"https:\/\/www.costabravafoods.com\/fr\/wp-json\/wp\/v2\/fresh_retail?post=32198"},{"taxonomy":"conservacion","embeddable":true,"href":"https:\/\/www.costabravafoods.com\/fr\/wp-json\/wp\/v2\/conservacion?post=32198"},{"taxonomy":"envase","embeddable":true,"href":"https:\/\/www.costabravafoods.com\/fr\/wp-json\/wp\/v2\/envase?post=32198"},{"taxonomy":"tipo_corte","embeddable":true,"href":"https:\/\/www.costabravafoods.com\/fr\/wp-json\/wp\/v2\/tipo_corte?post=32198"}],"curies":[{"name":"wp","href":"https:\/\/api.w.org\/{rel}","templated":true}]}}