

{"id":32203,"date":"2025-07-18T12:01:37","date_gmt":"2025-07-18T10:01:37","guid":{"rendered":"https:\/\/www.costabravafoods.com\/producto\/longe-sechee\/"},"modified":"2025-09-30T18:52:31","modified_gmt":"2025-09-30T16:52:31","slug":"longe-sechee","status":"publish","type":"product","link":"https:\/\/www.costabravafoods.com\/fr\/produit\/longe-sechee\/","title":{"rendered":"Longe s\u00e9ch\u00e9e"},"content":{"rendered":"<p>La longe s\u00e9ch\u00e9e est l\u2019une des charcuteries les plus pris\u00e9es en raison de sa forte teneur en prot\u00e9ines et de sa d\u00e9licieuse saveur. Parfait en ap\u00e9ritif, avec du pain ou sur des planches de charcuterie, ce produit est riche de la tradition et du caract\u00e8re authentique de la r\u00e9gion catalane.<\/p>\n","protected":false},"excerpt":{"rendered":"<p>Longe s\u00e9ch\u00e9e, pris\u00e9e pour sa forte teneur en prot\u00e9ines et sa d\u00e9licieuse saveur<\/p>\n","protected":false},"featured_media":18442,"template":"","meta":[],"product_brand":[],"product_cat":[361,354],"product_tag":[],"corte_cerdo":[],"corte_vacuno":[],"fresh_retail":[646],"conservacion":[359],"envase":[357],"tipo_corte":[358],"class_list":{"0":"post-32203","1":"product","2":"type-product","3":"status-publish","4":"has-post-thumbnail","6":"product_cat-charcuterie-seche","7":"product_cat-tradition-fr","8":"fresh_retail-porc-fr","9":"conservacion-refrigere","10":"envase-atmosphere-protectrice","11":"tipo_corte-tranche","13":"first","14":"instock","15":"product-type-simple"},"yoast_head":"<!-- This site is optimized with the Yoast SEO plugin v27.2 - https:\/\/yoast.com\/product\/yoast-seo-wordpress\/ -->\n<title>Longe s\u00e9ch\u00e9e<\/title>\n<meta name=\"description\" content=\"Longe s\u00e9ch\u00e9e, pris\u00e9e pour sa forte teneur en prot\u00e9ines et sa d\u00e9licieuse saveur\" \/>\n<meta name=\"robots\" content=\"index, follow, max-snippet:-1, max-image-preview:large, max-video-preview:-1\" \/>\n<link rel=\"canonical\" href=\"https:\/\/www.costabravafoods.com\/fr\/produit\/longe-sechee\/\" \/>\n<meta property=\"og:locale\" content=\"fr_FR\" \/>\n<meta property=\"og:type\" content=\"article\" \/>\n<meta property=\"og:title\" content=\"Longe s\u00e9ch\u00e9e\" \/>\n<meta property=\"og:description\" content=\"Longe s\u00e9ch\u00e9e, pris\u00e9e pour sa forte teneur en prot\u00e9ines et sa d\u00e9licieuse saveur\" \/>\n<meta property=\"og:url\" content=\"https:\/\/www.costabravafoods.com\/fr\/produit\/longe-sechee\/\" \/>\n<meta property=\"og:site_name\" content=\"Costa Brava Foods\" \/>\n<meta property=\"article:modified_time\" content=\"2025-09-30T16:52:31+00:00\" \/>\n<meta property=\"og:image\" content=\"https:\/\/www.costabravafoods.com\/wp-content\/uploads\/2025\/07\/lomo.jpg\" \/>\n\t<meta property=\"og:image:width\" content=\"1000\" \/>\n\t<meta property=\"og:image:height\" content=\"1000\" \/>\n\t<meta property=\"og:image:type\" content=\"image\/jpeg\" \/>\n<meta name=\"twitter:card\" content=\"summary_large_image\" \/>\n<script type=\"application\/ld+json\" class=\"yoast-schema-graph\">{\"@context\":\"https:\/\/schema.org\",\"@graph\":[{\"@type\":\"WebPage\",\"@id\":\"https:\/\/www.costabravafoods.com\/fr\/produit\/longe-sechee\/\",\"url\":\"https:\/\/www.costabravafoods.com\/fr\/produit\/longe-sechee\/\",\"name\":\"Longe s\u00e9ch\u00e9e\",\"isPartOf\":{\"@id\":\"https:\/\/www.costabravafoods.com\/#website\"},\"primaryImageOfPage\":{\"@id\":\"https:\/\/www.costabravafoods.com\/fr\/produit\/longe-sechee\/#primaryimage\"},\"image\":{\"@id\":\"https:\/\/www.costabravafoods.com\/fr\/produit\/longe-sechee\/#primaryimage\"},\"thumbnailUrl\":\"https:\/\/www.costabravafoods.com\/wp-content\/uploads\/2025\/07\/lomo.jpg\",\"datePublished\":\"2025-07-18T10:01:37+00:00\",\"dateModified\":\"2025-09-30T16:52:31+00:00\",\"description\":\"Longe s\u00e9ch\u00e9e, pris\u00e9e pour sa forte teneur en prot\u00e9ines et sa d\u00e9licieuse saveur\",\"breadcrumb\":{\"@id\":\"https:\/\/www.costabravafoods.com\/fr\/produit\/longe-sechee\/#breadcrumb\"},\"inLanguage\":\"fr-FR\",\"potentialAction\":[{\"@type\":\"ReadAction\",\"target\":[\"https:\/\/www.costabravafoods.com\/fr\/produit\/longe-sechee\/\"]}]},{\"@type\":\"ImageObject\",\"inLanguage\":\"fr-FR\",\"@id\":\"https:\/\/www.costabravafoods.com\/fr\/produit\/longe-sechee\/#primaryimage\",\"url\":\"https:\/\/www.costabravafoods.com\/wp-content\/uploads\/2025\/07\/lomo.jpg\",\"contentUrl\":\"https:\/\/www.costabravafoods.com\/wp-content\/uploads\/2025\/07\/lomo.jpg\",\"width\":1000,\"height\":1000,\"caption\":\"Longe s\u00e9ch\u00e9e\"},{\"@type\":\"BreadcrumbList\",\"@id\":\"https:\/\/www.costabravafoods.com\/fr\/produit\/longe-sechee\/#breadcrumb\",\"itemListElement\":[{\"@type\":\"ListItem\",\"position\":1,\"name\":\"Portada\",\"item\":\"https:\/\/www.costabravafoods.com\/fr\/\"},{\"@type\":\"ListItem\",\"position\":2,\"name\":\"Produits\",\"item\":\"https:\/\/www.costabravafoods.com\/productos\/\"},{\"@type\":\"ListItem\",\"position\":3,\"name\":\"Longe s\u00e9ch\u00e9e\"}]},{\"@type\":\"WebSite\",\"@id\":\"https:\/\/www.costabravafoods.com\/#website\",\"url\":\"https:\/\/www.costabravafoods.com\/\",\"name\":\"Costa Brava Foods\",\"description\":\"\",\"potentialAction\":[{\"@type\":\"SearchAction\",\"target\":{\"@type\":\"EntryPoint\",\"urlTemplate\":\"https:\/\/www.costabravafoods.com\/?s={search_term_string}\"},\"query-input\":{\"@type\":\"PropertyValueSpecification\",\"valueRequired\":true,\"valueName\":\"search_term_string\"}}],\"inLanguage\":\"fr-FR\"}]}<\/script>\n<!-- \/ Yoast SEO plugin. -->","yoast_head_json":{"title":"Longe s\u00e9ch\u00e9e","description":"Longe s\u00e9ch\u00e9e, pris\u00e9e pour sa forte teneur en prot\u00e9ines et sa d\u00e9licieuse saveur","robots":{"index":"index","follow":"follow","max-snippet":"max-snippet:-1","max-image-preview":"max-image-preview:large","max-video-preview":"max-video-preview:-1"},"canonical":"https:\/\/www.costabravafoods.com\/fr\/produit\/longe-sechee\/","og_locale":"fr_FR","og_type":"article","og_title":"Longe s\u00e9ch\u00e9e","og_description":"Longe s\u00e9ch\u00e9e, pris\u00e9e pour sa forte teneur en prot\u00e9ines et sa d\u00e9licieuse saveur","og_url":"https:\/\/www.costabravafoods.com\/fr\/produit\/longe-sechee\/","og_site_name":"Costa Brava Foods","article_modified_time":"2025-09-30T16:52:31+00:00","og_image":[{"width":1000,"height":1000,"url":"https:\/\/www.costabravafoods.com\/wp-content\/uploads\/2025\/07\/lomo.jpg","type":"image\/jpeg"}],"twitter_card":"summary_large_image","schema":{"@context":"https:\/\/schema.org","@graph":[{"@type":"WebPage","@id":"https:\/\/www.costabravafoods.com\/fr\/produit\/longe-sechee\/","url":"https:\/\/www.costabravafoods.com\/fr\/produit\/longe-sechee\/","name":"Longe s\u00e9ch\u00e9e","isPartOf":{"@id":"https:\/\/www.costabravafoods.com\/#website"},"primaryImageOfPage":{"@id":"https:\/\/www.costabravafoods.com\/fr\/produit\/longe-sechee\/#primaryimage"},"image":{"@id":"https:\/\/www.costabravafoods.com\/fr\/produit\/longe-sechee\/#primaryimage"},"thumbnailUrl":"https:\/\/www.costabravafoods.com\/wp-content\/uploads\/2025\/07\/lomo.jpg","datePublished":"2025-07-18T10:01:37+00:00","dateModified":"2025-09-30T16:52:31+00:00","description":"Longe s\u00e9ch\u00e9e, pris\u00e9e pour sa forte teneur en prot\u00e9ines et sa d\u00e9licieuse saveur","breadcrumb":{"@id":"https:\/\/www.costabravafoods.com\/fr\/produit\/longe-sechee\/#breadcrumb"},"inLanguage":"fr-FR","potentialAction":[{"@type":"ReadAction","target":["https:\/\/www.costabravafoods.com\/fr\/produit\/longe-sechee\/"]}]},{"@type":"ImageObject","inLanguage":"fr-FR","@id":"https:\/\/www.costabravafoods.com\/fr\/produit\/longe-sechee\/#primaryimage","url":"https:\/\/www.costabravafoods.com\/wp-content\/uploads\/2025\/07\/lomo.jpg","contentUrl":"https:\/\/www.costabravafoods.com\/wp-content\/uploads\/2025\/07\/lomo.jpg","width":1000,"height":1000,"caption":"Longe s\u00e9ch\u00e9e"},{"@type":"BreadcrumbList","@id":"https:\/\/www.costabravafoods.com\/fr\/produit\/longe-sechee\/#breadcrumb","itemListElement":[{"@type":"ListItem","position":1,"name":"Portada","item":"https:\/\/www.costabravafoods.com\/fr\/"},{"@type":"ListItem","position":2,"name":"Produits","item":"https:\/\/www.costabravafoods.com\/productos\/"},{"@type":"ListItem","position":3,"name":"Longe s\u00e9ch\u00e9e"}]},{"@type":"WebSite","@id":"https:\/\/www.costabravafoods.com\/#website","url":"https:\/\/www.costabravafoods.com\/","name":"Costa Brava Foods","description":"","potentialAction":[{"@type":"SearchAction","target":{"@type":"EntryPoint","urlTemplate":"https:\/\/www.costabravafoods.com\/?s={search_term_string}"},"query-input":{"@type":"PropertyValueSpecification","valueRequired":true,"valueName":"search_term_string"}}],"inLanguage":"fr-FR"}]}},"_links":{"self":[{"href":"https:\/\/www.costabravafoods.com\/fr\/wp-json\/wp\/v2\/product\/32203","targetHints":{"allow":["GET"]}}],"collection":[{"href":"https:\/\/www.costabravafoods.com\/fr\/wp-json\/wp\/v2\/product"}],"about":[{"href":"https:\/\/www.costabravafoods.com\/fr\/wp-json\/wp\/v2\/types\/product"}],"wp:featuredmedia":[{"embeddable":true,"href":"https:\/\/www.costabravafoods.com\/fr\/wp-json\/wp\/v2\/media\/18442"}],"wp:attachment":[{"href":"https:\/\/www.costabravafoods.com\/fr\/wp-json\/wp\/v2\/media?parent=32203"}],"wp:term":[{"taxonomy":"product_brand","embeddable":true,"href":"https:\/\/www.costabravafoods.com\/fr\/wp-json\/wp\/v2\/product_brand?post=32203"},{"taxonomy":"product_cat","embeddable":true,"href":"https:\/\/www.costabravafoods.com\/fr\/wp-json\/wp\/v2\/product_cat?post=32203"},{"taxonomy":"product_tag","embeddable":true,"href":"https:\/\/www.costabravafoods.com\/fr\/wp-json\/wp\/v2\/product_tag?post=32203"},{"taxonomy":"corte_cerdo","embeddable":true,"href":"https:\/\/www.costabravafoods.com\/fr\/wp-json\/wp\/v2\/corte_cerdo?post=32203"},{"taxonomy":"corte_vacuno","embeddable":true,"href":"https:\/\/www.costabravafoods.com\/fr\/wp-json\/wp\/v2\/corte_vacuno?post=32203"},{"taxonomy":"fresh_retail","embeddable":true,"href":"https:\/\/www.costabravafoods.com\/fr\/wp-json\/wp\/v2\/fresh_retail?post=32203"},{"taxonomy":"conservacion","embeddable":true,"href":"https:\/\/www.costabravafoods.com\/fr\/wp-json\/wp\/v2\/conservacion?post=32203"},{"taxonomy":"envase","embeddable":true,"href":"https:\/\/www.costabravafoods.com\/fr\/wp-json\/wp\/v2\/envase?post=32203"},{"taxonomy":"tipo_corte","embeddable":true,"href":"https:\/\/www.costabravafoods.com\/fr\/wp-json\/wp\/v2\/tipo_corte?post=32203"}],"curies":[{"name":"wp","href":"https:\/\/api.w.org\/{rel}","templated":true}]}}