

{"id":32204,"date":"2025-07-18T12:01:37","date_gmt":"2025-07-18T10:01:37","guid":{"rendered":"https:\/\/www.costabravafoods.com\/producto\/coppa-echine-de-porc\/"},"modified":"2025-09-30T18:52:32","modified_gmt":"2025-09-30T16:52:32","slug":"coppa-echine-de-porc","status":"publish","type":"product","link":"https:\/\/www.costabravafoods.com\/fr\/produit\/coppa-echine-de-porc\/","title":{"rendered":"Coppa (\u00e9chine de porc)"},"content":{"rendered":"<p>La coppa (\u00e9chine de porc s\u00e9ch\u00e9e) de Costa Brava Mediterranean Foods est l\u2019un des produits de charcuterie les plus pris\u00e9s, parfait en ap\u00e9ritif, avec du pain ou sur des planches de charcuterie.<\/p>\n","protected":false},"excerpt":{"rendered":"<p>La coppa (\u00e9chine de porc s\u00e9ch\u00e9e) est l\u2019une des charcuteries les plus pris\u00e9es en raison de sa forte teneur en prot\u00e9ines et de son go\u00fbt d\u00e9licieux.<\/p>\n","protected":false},"featured_media":18450,"template":"","meta":[],"product_brand":[],"product_cat":[361,354],"product_tag":[],"corte_cerdo":[],"corte_vacuno":[],"fresh_retail":[646],"conservacion":[359],"envase":[357],"tipo_corte":[358],"class_list":{"0":"post-32204","1":"product","2":"type-product","3":"status-publish","4":"has-post-thumbnail","6":"product_cat-charcuterie-seche","7":"product_cat-tradition-fr","8":"fresh_retail-porc-fr","9":"conservacion-refrigere","10":"envase-atmosphere-protectrice","11":"tipo_corte-tranche","13":"first","14":"instock","15":"product-type-simple"},"yoast_head":"<!-- This site is optimized with the Yoast SEO plugin v27.2 - https:\/\/yoast.com\/product\/yoast-seo-wordpress\/ -->\n<title>Coppa (\u00e9chine de porc)<\/title>\n<meta name=\"description\" content=\"La coppa (\u00e9chine de porc s\u00e9ch\u00e9e) est l\u2019une des charcuteries les plus pris\u00e9es en raison de sa forte teneur en prot\u00e9ines et de son go\u00fbt d\u00e9licieux.\" \/>\n<meta name=\"robots\" content=\"index, follow, max-snippet:-1, max-image-preview:large, max-video-preview:-1\" \/>\n<link rel=\"canonical\" href=\"https:\/\/www.costabravafoods.com\/fr\/produit\/coppa-echine-de-porc\/\" \/>\n<meta property=\"og:locale\" content=\"fr_FR\" \/>\n<meta property=\"og:type\" content=\"article\" \/>\n<meta property=\"og:title\" content=\"Coppa (\u00e9chine de porc)\" \/>\n<meta property=\"og:description\" content=\"La coppa (\u00e9chine de porc s\u00e9ch\u00e9e) est l\u2019une des charcuteries les plus pris\u00e9es en raison de sa forte teneur en prot\u00e9ines et de son go\u00fbt d\u00e9licieux.\" \/>\n<meta property=\"og:url\" content=\"https:\/\/www.costabravafoods.com\/fr\/produit\/coppa-echine-de-porc\/\" \/>\n<meta property=\"og:site_name\" content=\"Costa Brava Foods\" \/>\n<meta property=\"article:modified_time\" content=\"2025-09-30T16:52:32+00:00\" \/>\n<meta property=\"og:image\" content=\"https:\/\/www.costabravafoods.com\/wp-content\/uploads\/2025\/07\/cabeza-lomo-coppa.jpg\" \/>\n\t<meta property=\"og:image:width\" content=\"1000\" \/>\n\t<meta property=\"og:image:height\" content=\"1000\" \/>\n\t<meta property=\"og:image:type\" content=\"image\/jpeg\" \/>\n<meta name=\"twitter:card\" content=\"summary_large_image\" \/>\n<script type=\"application\/ld+json\" class=\"yoast-schema-graph\">{\"@context\":\"https:\/\/schema.org\",\"@graph\":[{\"@type\":\"WebPage\",\"@id\":\"https:\/\/www.costabravafoods.com\/fr\/produit\/coppa-echine-de-porc\/\",\"url\":\"https:\/\/www.costabravafoods.com\/fr\/produit\/coppa-echine-de-porc\/\",\"name\":\"Coppa (\u00e9chine de porc)\",\"isPartOf\":{\"@id\":\"https:\/\/www.costabravafoods.com\/#website\"},\"primaryImageOfPage\":{\"@id\":\"https:\/\/www.costabravafoods.com\/fr\/produit\/coppa-echine-de-porc\/#primaryimage\"},\"image\":{\"@id\":\"https:\/\/www.costabravafoods.com\/fr\/produit\/coppa-echine-de-porc\/#primaryimage\"},\"thumbnailUrl\":\"https:\/\/www.costabravafoods.com\/wp-content\/uploads\/2025\/07\/cabeza-lomo-coppa.jpg\",\"datePublished\":\"2025-07-18T10:01:37+00:00\",\"dateModified\":\"2025-09-30T16:52:32+00:00\",\"description\":\"La coppa (\u00e9chine de porc s\u00e9ch\u00e9e) est l\u2019une des charcuteries les plus pris\u00e9es en raison de sa forte teneur en prot\u00e9ines et de son go\u00fbt d\u00e9licieux.\",\"breadcrumb\":{\"@id\":\"https:\/\/www.costabravafoods.com\/fr\/produit\/coppa-echine-de-porc\/#breadcrumb\"},\"inLanguage\":\"fr-FR\",\"potentialAction\":[{\"@type\":\"ReadAction\",\"target\":[\"https:\/\/www.costabravafoods.com\/fr\/produit\/coppa-echine-de-porc\/\"]}]},{\"@type\":\"ImageObject\",\"inLanguage\":\"fr-FR\",\"@id\":\"https:\/\/www.costabravafoods.com\/fr\/produit\/coppa-echine-de-porc\/#primaryimage\",\"url\":\"https:\/\/www.costabravafoods.com\/wp-content\/uploads\/2025\/07\/cabeza-lomo-coppa.jpg\",\"contentUrl\":\"https:\/\/www.costabravafoods.com\/wp-content\/uploads\/2025\/07\/cabeza-lomo-coppa.jpg\",\"width\":1000,\"height\":1000,\"caption\":\"La coppa (\u00e9chine de porc s\u00e9ch\u00e9e) est l\u2019une des charcuteries les plus pris\u00e9es en raison de sa forte teneur en prot\u00e9ines et de son go\u00fbt d\u00e9licieux.\"},{\"@type\":\"BreadcrumbList\",\"@id\":\"https:\/\/www.costabravafoods.com\/fr\/produit\/coppa-echine-de-porc\/#breadcrumb\",\"itemListElement\":[{\"@type\":\"ListItem\",\"position\":1,\"name\":\"Portada\",\"item\":\"https:\/\/www.costabravafoods.com\/fr\/\"},{\"@type\":\"ListItem\",\"position\":2,\"name\":\"Produits\",\"item\":\"https:\/\/www.costabravafoods.com\/productos\/\"},{\"@type\":\"ListItem\",\"position\":3,\"name\":\"Coppa (\u00e9chine de porc)\"}]},{\"@type\":\"WebSite\",\"@id\":\"https:\/\/www.costabravafoods.com\/#website\",\"url\":\"https:\/\/www.costabravafoods.com\/\",\"name\":\"Costa Brava Foods\",\"description\":\"\",\"potentialAction\":[{\"@type\":\"SearchAction\",\"target\":{\"@type\":\"EntryPoint\",\"urlTemplate\":\"https:\/\/www.costabravafoods.com\/?s={search_term_string}\"},\"query-input\":{\"@type\":\"PropertyValueSpecification\",\"valueRequired\":true,\"valueName\":\"search_term_string\"}}],\"inLanguage\":\"fr-FR\"}]}<\/script>\n<!-- \/ Yoast SEO plugin. -->","yoast_head_json":{"title":"Coppa (\u00e9chine de porc)","description":"La coppa (\u00e9chine de porc s\u00e9ch\u00e9e) est l\u2019une des charcuteries les plus pris\u00e9es en raison de sa forte teneur en prot\u00e9ines et de son go\u00fbt d\u00e9licieux.","robots":{"index":"index","follow":"follow","max-snippet":"max-snippet:-1","max-image-preview":"max-image-preview:large","max-video-preview":"max-video-preview:-1"},"canonical":"https:\/\/www.costabravafoods.com\/fr\/produit\/coppa-echine-de-porc\/","og_locale":"fr_FR","og_type":"article","og_title":"Coppa (\u00e9chine de porc)","og_description":"La coppa (\u00e9chine de porc s\u00e9ch\u00e9e) est l\u2019une des charcuteries les plus pris\u00e9es en raison de sa forte teneur en prot\u00e9ines et de son go\u00fbt d\u00e9licieux.","og_url":"https:\/\/www.costabravafoods.com\/fr\/produit\/coppa-echine-de-porc\/","og_site_name":"Costa Brava Foods","article_modified_time":"2025-09-30T16:52:32+00:00","og_image":[{"width":1000,"height":1000,"url":"https:\/\/www.costabravafoods.com\/wp-content\/uploads\/2025\/07\/cabeza-lomo-coppa.jpg","type":"image\/jpeg"}],"twitter_card":"summary_large_image","schema":{"@context":"https:\/\/schema.org","@graph":[{"@type":"WebPage","@id":"https:\/\/www.costabravafoods.com\/fr\/produit\/coppa-echine-de-porc\/","url":"https:\/\/www.costabravafoods.com\/fr\/produit\/coppa-echine-de-porc\/","name":"Coppa (\u00e9chine de porc)","isPartOf":{"@id":"https:\/\/www.costabravafoods.com\/#website"},"primaryImageOfPage":{"@id":"https:\/\/www.costabravafoods.com\/fr\/produit\/coppa-echine-de-porc\/#primaryimage"},"image":{"@id":"https:\/\/www.costabravafoods.com\/fr\/produit\/coppa-echine-de-porc\/#primaryimage"},"thumbnailUrl":"https:\/\/www.costabravafoods.com\/wp-content\/uploads\/2025\/07\/cabeza-lomo-coppa.jpg","datePublished":"2025-07-18T10:01:37+00:00","dateModified":"2025-09-30T16:52:32+00:00","description":"La coppa (\u00e9chine de porc s\u00e9ch\u00e9e) est l\u2019une des charcuteries les plus pris\u00e9es en raison de sa forte teneur en prot\u00e9ines et de son go\u00fbt d\u00e9licieux.","breadcrumb":{"@id":"https:\/\/www.costabravafoods.com\/fr\/produit\/coppa-echine-de-porc\/#breadcrumb"},"inLanguage":"fr-FR","potentialAction":[{"@type":"ReadAction","target":["https:\/\/www.costabravafoods.com\/fr\/produit\/coppa-echine-de-porc\/"]}]},{"@type":"ImageObject","inLanguage":"fr-FR","@id":"https:\/\/www.costabravafoods.com\/fr\/produit\/coppa-echine-de-porc\/#primaryimage","url":"https:\/\/www.costabravafoods.com\/wp-content\/uploads\/2025\/07\/cabeza-lomo-coppa.jpg","contentUrl":"https:\/\/www.costabravafoods.com\/wp-content\/uploads\/2025\/07\/cabeza-lomo-coppa.jpg","width":1000,"height":1000,"caption":"La coppa (\u00e9chine de porc s\u00e9ch\u00e9e) est l\u2019une des charcuteries les plus pris\u00e9es en raison de sa forte teneur en prot\u00e9ines et de son go\u00fbt d\u00e9licieux."},{"@type":"BreadcrumbList","@id":"https:\/\/www.costabravafoods.com\/fr\/produit\/coppa-echine-de-porc\/#breadcrumb","itemListElement":[{"@type":"ListItem","position":1,"name":"Portada","item":"https:\/\/www.costabravafoods.com\/fr\/"},{"@type":"ListItem","position":2,"name":"Produits","item":"https:\/\/www.costabravafoods.com\/productos\/"},{"@type":"ListItem","position":3,"name":"Coppa (\u00e9chine de porc)"}]},{"@type":"WebSite","@id":"https:\/\/www.costabravafoods.com\/#website","url":"https:\/\/www.costabravafoods.com\/","name":"Costa Brava Foods","description":"","potentialAction":[{"@type":"SearchAction","target":{"@type":"EntryPoint","urlTemplate":"https:\/\/www.costabravafoods.com\/?s={search_term_string}"},"query-input":{"@type":"PropertyValueSpecification","valueRequired":true,"valueName":"search_term_string"}}],"inLanguage":"fr-FR"}]}},"_links":{"self":[{"href":"https:\/\/www.costabravafoods.com\/fr\/wp-json\/wp\/v2\/product\/32204","targetHints":{"allow":["GET"]}}],"collection":[{"href":"https:\/\/www.costabravafoods.com\/fr\/wp-json\/wp\/v2\/product"}],"about":[{"href":"https:\/\/www.costabravafoods.com\/fr\/wp-json\/wp\/v2\/types\/product"}],"wp:featuredmedia":[{"embeddable":true,"href":"https:\/\/www.costabravafoods.com\/fr\/wp-json\/wp\/v2\/media\/18450"}],"wp:attachment":[{"href":"https:\/\/www.costabravafoods.com\/fr\/wp-json\/wp\/v2\/media?parent=32204"}],"wp:term":[{"taxonomy":"product_brand","embeddable":true,"href":"https:\/\/www.costabravafoods.com\/fr\/wp-json\/wp\/v2\/product_brand?post=32204"},{"taxonomy":"product_cat","embeddable":true,"href":"https:\/\/www.costabravafoods.com\/fr\/wp-json\/wp\/v2\/product_cat?post=32204"},{"taxonomy":"product_tag","embeddable":true,"href":"https:\/\/www.costabravafoods.com\/fr\/wp-json\/wp\/v2\/product_tag?post=32204"},{"taxonomy":"corte_cerdo","embeddable":true,"href":"https:\/\/www.costabravafoods.com\/fr\/wp-json\/wp\/v2\/corte_cerdo?post=32204"},{"taxonomy":"corte_vacuno","embeddable":true,"href":"https:\/\/www.costabravafoods.com\/fr\/wp-json\/wp\/v2\/corte_vacuno?post=32204"},{"taxonomy":"fresh_retail","embeddable":true,"href":"https:\/\/www.costabravafoods.com\/fr\/wp-json\/wp\/v2\/fresh_retail?post=32204"},{"taxonomy":"conservacion","embeddable":true,"href":"https:\/\/www.costabravafoods.com\/fr\/wp-json\/wp\/v2\/conservacion?post=32204"},{"taxonomy":"envase","embeddable":true,"href":"https:\/\/www.costabravafoods.com\/fr\/wp-json\/wp\/v2\/envase?post=32204"},{"taxonomy":"tipo_corte","embeddable":true,"href":"https:\/\/www.costabravafoods.com\/fr\/wp-json\/wp\/v2\/tipo_corte?post=32204"}],"curies":[{"name":"wp","href":"https:\/\/api.w.org\/{rel}","templated":true}]}}