

{"id":32209,"date":"2025-07-18T12:02:25","date_gmt":"2025-07-18T10:02:25","guid":{"rendered":"https:\/\/www.costabravafoods.com\/producto\/chorizo-au-paprika-tranches-fines\/"},"modified":"2025-09-30T18:52:39","modified_gmt":"2025-09-30T16:52:39","slug":"chorizo-au-paprika-tranches-fines","status":"publish","type":"product","link":"https:\/\/www.costabravafoods.com\/fr\/produit\/chorizo-au-paprika-tranches-fines\/","title":{"rendered":"Chorizo au paprika, tranches fines"},"content":{"rendered":"<p>Le chorizo d\u2019antan, d\u00e9sormais \u00e9galement \u00e9pic\u00e9 au paprika et finement tranch\u00e9. Avec la qualit\u00e9 Costa Brava Mediterranean Foods et un go\u00fbt plus os\u00e9, piquant et aromatique.<\/p>\n","protected":false},"excerpt":{"rendered":"<p>Chorizo au paprika, finement tranch\u00e9, au d\u00e9licieux go\u00fbt caract\u00e9ristique.<\/p>\n","protected":false},"featured_media":18648,"template":"","meta":[],"product_brand":[],"product_cat":[361,354],"product_tag":[],"corte_cerdo":[],"corte_vacuno":[],"fresh_retail":[646],"conservacion":[359],"envase":[357],"tipo_corte":[358],"class_list":{"0":"post-32209","1":"product","2":"type-product","3":"status-publish","4":"has-post-thumbnail","6":"product_cat-charcuterie-seche","7":"product_cat-tradition-fr","8":"fresh_retail-porc-fr","9":"conservacion-refrigere","10":"envase-atmosphere-protectrice","11":"tipo_corte-tranche","13":"first","14":"instock","15":"product-type-simple"},"yoast_head":"<!-- This site is optimized with the Yoast SEO plugin v27.2 - https:\/\/yoast.com\/product\/yoast-seo-wordpress\/ -->\n<title>Chorizo au paprika, tranches fines<\/title>\n<meta name=\"description\" content=\"Chorizo au paprika, finement tranch\u00e9, au d\u00e9licieux go\u00fbt caract\u00e9ristique.\" \/>\n<meta name=\"robots\" content=\"index, follow, max-snippet:-1, max-image-preview:large, max-video-preview:-1\" \/>\n<link rel=\"canonical\" href=\"https:\/\/www.costabravafoods.com\/fr\/produit\/chorizo-au-paprika-tranches-fines\/\" \/>\n<meta property=\"og:locale\" content=\"fr_FR\" \/>\n<meta property=\"og:type\" content=\"article\" \/>\n<meta property=\"og:title\" content=\"Chorizo au paprika, tranches fines\" \/>\n<meta property=\"og:description\" content=\"Chorizo au paprika, finement tranch\u00e9, au d\u00e9licieux go\u00fbt caract\u00e9ristique.\" \/>\n<meta property=\"og:url\" content=\"https:\/\/www.costabravafoods.com\/fr\/produit\/chorizo-au-paprika-tranches-fines\/\" \/>\n<meta property=\"og:site_name\" content=\"Costa Brava Foods\" \/>\n<meta property=\"article:modified_time\" content=\"2025-09-30T16:52:39+00:00\" \/>\n<meta property=\"og:image\" content=\"https:\/\/www.costabravafoods.com\/wp-content\/uploads\/2025\/07\/Chorizo-pimienta-pepper.jpg\" \/>\n\t<meta property=\"og:image:width\" content=\"1000\" \/>\n\t<meta property=\"og:image:height\" content=\"1000\" \/>\n\t<meta property=\"og:image:type\" content=\"image\/jpeg\" \/>\n<meta name=\"twitter:card\" content=\"summary_large_image\" \/>\n<script type=\"application\/ld+json\" class=\"yoast-schema-graph\">{\"@context\":\"https:\/\/schema.org\",\"@graph\":[{\"@type\":\"WebPage\",\"@id\":\"https:\/\/www.costabravafoods.com\/fr\/produit\/chorizo-au-paprika-tranches-fines\/\",\"url\":\"https:\/\/www.costabravafoods.com\/fr\/produit\/chorizo-au-paprika-tranches-fines\/\",\"name\":\"Chorizo au paprika, tranches fines\",\"isPartOf\":{\"@id\":\"https:\/\/www.costabravafoods.com\/#website\"},\"primaryImageOfPage\":{\"@id\":\"https:\/\/www.costabravafoods.com\/fr\/produit\/chorizo-au-paprika-tranches-fines\/#primaryimage\"},\"image\":{\"@id\":\"https:\/\/www.costabravafoods.com\/fr\/produit\/chorizo-au-paprika-tranches-fines\/#primaryimage\"},\"thumbnailUrl\":\"https:\/\/www.costabravafoods.com\/wp-content\/uploads\/2025\/07\/Chorizo-pimienta-pepper.jpg\",\"datePublished\":\"2025-07-18T10:02:25+00:00\",\"dateModified\":\"2025-09-30T16:52:39+00:00\",\"description\":\"Chorizo au paprika, finement tranch\u00e9, au d\u00e9licieux go\u00fbt caract\u00e9ristique.\",\"breadcrumb\":{\"@id\":\"https:\/\/www.costabravafoods.com\/fr\/produit\/chorizo-au-paprika-tranches-fines\/#breadcrumb\"},\"inLanguage\":\"fr-FR\",\"potentialAction\":[{\"@type\":\"ReadAction\",\"target\":[\"https:\/\/www.costabravafoods.com\/fr\/produit\/chorizo-au-paprika-tranches-fines\/\"]}]},{\"@type\":\"ImageObject\",\"inLanguage\":\"fr-FR\",\"@id\":\"https:\/\/www.costabravafoods.com\/fr\/produit\/chorizo-au-paprika-tranches-fines\/#primaryimage\",\"url\":\"https:\/\/www.costabravafoods.com\/wp-content\/uploads\/2025\/07\/Chorizo-pimienta-pepper.jpg\",\"contentUrl\":\"https:\/\/www.costabravafoods.com\/wp-content\/uploads\/2025\/07\/Chorizo-pimienta-pepper.jpg\",\"width\":1000,\"height\":1000,\"caption\":\"Chorizo au paprika\"},{\"@type\":\"BreadcrumbList\",\"@id\":\"https:\/\/www.costabravafoods.com\/fr\/produit\/chorizo-au-paprika-tranches-fines\/#breadcrumb\",\"itemListElement\":[{\"@type\":\"ListItem\",\"position\":1,\"name\":\"Portada\",\"item\":\"https:\/\/www.costabravafoods.com\/fr\/\"},{\"@type\":\"ListItem\",\"position\":2,\"name\":\"Produits\",\"item\":\"https:\/\/www.costabravafoods.com\/productos\/\"},{\"@type\":\"ListItem\",\"position\":3,\"name\":\"Chorizo au paprika, tranches fines\"}]},{\"@type\":\"WebSite\",\"@id\":\"https:\/\/www.costabravafoods.com\/#website\",\"url\":\"https:\/\/www.costabravafoods.com\/\",\"name\":\"Costa Brava Foods\",\"description\":\"\",\"potentialAction\":[{\"@type\":\"SearchAction\",\"target\":{\"@type\":\"EntryPoint\",\"urlTemplate\":\"https:\/\/www.costabravafoods.com\/?s={search_term_string}\"},\"query-input\":{\"@type\":\"PropertyValueSpecification\",\"valueRequired\":true,\"valueName\":\"search_term_string\"}}],\"inLanguage\":\"fr-FR\"}]}<\/script>\n<!-- \/ Yoast SEO plugin. -->","yoast_head_json":{"title":"Chorizo au paprika, tranches fines","description":"Chorizo au paprika, finement tranch\u00e9, au d\u00e9licieux go\u00fbt caract\u00e9ristique.","robots":{"index":"index","follow":"follow","max-snippet":"max-snippet:-1","max-image-preview":"max-image-preview:large","max-video-preview":"max-video-preview:-1"},"canonical":"https:\/\/www.costabravafoods.com\/fr\/produit\/chorizo-au-paprika-tranches-fines\/","og_locale":"fr_FR","og_type":"article","og_title":"Chorizo au paprika, tranches fines","og_description":"Chorizo au paprika, finement tranch\u00e9, au d\u00e9licieux go\u00fbt caract\u00e9ristique.","og_url":"https:\/\/www.costabravafoods.com\/fr\/produit\/chorizo-au-paprika-tranches-fines\/","og_site_name":"Costa Brava Foods","article_modified_time":"2025-09-30T16:52:39+00:00","og_image":[{"width":1000,"height":1000,"url":"https:\/\/www.costabravafoods.com\/wp-content\/uploads\/2025\/07\/Chorizo-pimienta-pepper.jpg","type":"image\/jpeg"}],"twitter_card":"summary_large_image","schema":{"@context":"https:\/\/schema.org","@graph":[{"@type":"WebPage","@id":"https:\/\/www.costabravafoods.com\/fr\/produit\/chorizo-au-paprika-tranches-fines\/","url":"https:\/\/www.costabravafoods.com\/fr\/produit\/chorizo-au-paprika-tranches-fines\/","name":"Chorizo au paprika, tranches fines","isPartOf":{"@id":"https:\/\/www.costabravafoods.com\/#website"},"primaryImageOfPage":{"@id":"https:\/\/www.costabravafoods.com\/fr\/produit\/chorizo-au-paprika-tranches-fines\/#primaryimage"},"image":{"@id":"https:\/\/www.costabravafoods.com\/fr\/produit\/chorizo-au-paprika-tranches-fines\/#primaryimage"},"thumbnailUrl":"https:\/\/www.costabravafoods.com\/wp-content\/uploads\/2025\/07\/Chorizo-pimienta-pepper.jpg","datePublished":"2025-07-18T10:02:25+00:00","dateModified":"2025-09-30T16:52:39+00:00","description":"Chorizo au paprika, finement tranch\u00e9, au d\u00e9licieux go\u00fbt caract\u00e9ristique.","breadcrumb":{"@id":"https:\/\/www.costabravafoods.com\/fr\/produit\/chorizo-au-paprika-tranches-fines\/#breadcrumb"},"inLanguage":"fr-FR","potentialAction":[{"@type":"ReadAction","target":["https:\/\/www.costabravafoods.com\/fr\/produit\/chorizo-au-paprika-tranches-fines\/"]}]},{"@type":"ImageObject","inLanguage":"fr-FR","@id":"https:\/\/www.costabravafoods.com\/fr\/produit\/chorizo-au-paprika-tranches-fines\/#primaryimage","url":"https:\/\/www.costabravafoods.com\/wp-content\/uploads\/2025\/07\/Chorizo-pimienta-pepper.jpg","contentUrl":"https:\/\/www.costabravafoods.com\/wp-content\/uploads\/2025\/07\/Chorizo-pimienta-pepper.jpg","width":1000,"height":1000,"caption":"Chorizo au paprika"},{"@type":"BreadcrumbList","@id":"https:\/\/www.costabravafoods.com\/fr\/produit\/chorizo-au-paprika-tranches-fines\/#breadcrumb","itemListElement":[{"@type":"ListItem","position":1,"name":"Portada","item":"https:\/\/www.costabravafoods.com\/fr\/"},{"@type":"ListItem","position":2,"name":"Produits","item":"https:\/\/www.costabravafoods.com\/productos\/"},{"@type":"ListItem","position":3,"name":"Chorizo au paprika, tranches fines"}]},{"@type":"WebSite","@id":"https:\/\/www.costabravafoods.com\/#website","url":"https:\/\/www.costabravafoods.com\/","name":"Costa Brava Foods","description":"","potentialAction":[{"@type":"SearchAction","target":{"@type":"EntryPoint","urlTemplate":"https:\/\/www.costabravafoods.com\/?s={search_term_string}"},"query-input":{"@type":"PropertyValueSpecification","valueRequired":true,"valueName":"search_term_string"}}],"inLanguage":"fr-FR"}]}},"_links":{"self":[{"href":"https:\/\/www.costabravafoods.com\/fr\/wp-json\/wp\/v2\/product\/32209","targetHints":{"allow":["GET"]}}],"collection":[{"href":"https:\/\/www.costabravafoods.com\/fr\/wp-json\/wp\/v2\/product"}],"about":[{"href":"https:\/\/www.costabravafoods.com\/fr\/wp-json\/wp\/v2\/types\/product"}],"wp:featuredmedia":[{"embeddable":true,"href":"https:\/\/www.costabravafoods.com\/fr\/wp-json\/wp\/v2\/media\/18648"}],"wp:attachment":[{"href":"https:\/\/www.costabravafoods.com\/fr\/wp-json\/wp\/v2\/media?parent=32209"}],"wp:term":[{"taxonomy":"product_brand","embeddable":true,"href":"https:\/\/www.costabravafoods.com\/fr\/wp-json\/wp\/v2\/product_brand?post=32209"},{"taxonomy":"product_cat","embeddable":true,"href":"https:\/\/www.costabravafoods.com\/fr\/wp-json\/wp\/v2\/product_cat?post=32209"},{"taxonomy":"product_tag","embeddable":true,"href":"https:\/\/www.costabravafoods.com\/fr\/wp-json\/wp\/v2\/product_tag?post=32209"},{"taxonomy":"corte_cerdo","embeddable":true,"href":"https:\/\/www.costabravafoods.com\/fr\/wp-json\/wp\/v2\/corte_cerdo?post=32209"},{"taxonomy":"corte_vacuno","embeddable":true,"href":"https:\/\/www.costabravafoods.com\/fr\/wp-json\/wp\/v2\/corte_vacuno?post=32209"},{"taxonomy":"fresh_retail","embeddable":true,"href":"https:\/\/www.costabravafoods.com\/fr\/wp-json\/wp\/v2\/fresh_retail?post=32209"},{"taxonomy":"conservacion","embeddable":true,"href":"https:\/\/www.costabravafoods.com\/fr\/wp-json\/wp\/v2\/conservacion?post=32209"},{"taxonomy":"envase","embeddable":true,"href":"https:\/\/www.costabravafoods.com\/fr\/wp-json\/wp\/v2\/envase?post=32209"},{"taxonomy":"tipo_corte","embeddable":true,"href":"https:\/\/www.costabravafoods.com\/fr\/wp-json\/wp\/v2\/tipo_corte?post=32209"}],"curies":[{"name":"wp","href":"https:\/\/api.w.org\/{rel}","templated":true}]}}