

{"id":32211,"date":"2025-07-18T12:02:25","date_gmt":"2025-07-18T10:02:25","guid":{"rendered":"https:\/\/www.costabravafoods.com\/producto\/saucisson-extra-en-chiffonnade\/"},"modified":"2025-09-30T18:52:41","modified_gmt":"2025-09-30T16:52:41","slug":"saucisson-extra-en-chiffonnade","status":"publish","type":"product","link":"https:\/\/www.costabravafoods.com\/fr\/produit\/saucisson-extra-en-chiffonnade\/","title":{"rendered":"Saucisson extra en chiffonnade"},"content":{"rendered":"<p>Saucisson en chiffonnade Costa Brava Mediterranean Foods \u00e0 la saveur douce, \u00e0 associer \u00e0 d\u2019autres charcuteries, \u00e0 des fromages ou \u00e0 du pain, pour toutes les occasions. L\u2019une des charcuteries les plus pris\u00e9es et r\u00e9put\u00e9es de la culture espagnole.<\/p>\n","protected":false},"excerpt":{"rendered":"<p>Saucisson en chiffonnade, l\u2019une des charcuteries les plus pris\u00e9es et r\u00e9put\u00e9es de la culture espagnole.<\/p>\n","protected":false},"featured_media":18499,"template":"","meta":[],"product_brand":[],"product_cat":[361,354],"product_tag":[],"corte_cerdo":[],"corte_vacuno":[],"fresh_retail":[646],"conservacion":[359],"envase":[357],"tipo_corte":[362],"class_list":{"0":"post-32211","1":"product","2":"type-product","3":"status-publish","4":"has-post-thumbnail","6":"product_cat-charcuterie-seche","7":"product_cat-tradition-fr","8":"fresh_retail-porc-fr","9":"conservacion-refrigere","10":"envase-atmosphere-protectrice","11":"tipo_corte-chiffonnade","13":"first","14":"instock","15":"product-type-simple"},"yoast_head":"<!-- This site is optimized with the Yoast SEO plugin v27.2 - https:\/\/yoast.com\/product\/yoast-seo-wordpress\/ -->\n<title>Saucisson extra en chiffonnade<\/title>\n<meta name=\"description\" content=\"Saucisson en chiffonnade, l\u2019une des charcuteries les plus pris\u00e9es et r\u00e9put\u00e9es de la culture espagnole.\" \/>\n<meta name=\"robots\" content=\"index, follow, max-snippet:-1, max-image-preview:large, max-video-preview:-1\" \/>\n<link rel=\"canonical\" href=\"https:\/\/www.costabravafoods.com\/fr\/produit\/saucisson-extra-en-chiffonnade\/\" \/>\n<meta property=\"og:locale\" content=\"fr_FR\" \/>\n<meta property=\"og:type\" content=\"article\" \/>\n<meta property=\"og:title\" content=\"Saucisson extra en chiffonnade\" \/>\n<meta property=\"og:description\" content=\"Saucisson en chiffonnade, l\u2019une des charcuteries les plus pris\u00e9es et r\u00e9put\u00e9es de la culture espagnole.\" \/>\n<meta property=\"og:url\" content=\"https:\/\/www.costabravafoods.com\/fr\/produit\/saucisson-extra-en-chiffonnade\/\" \/>\n<meta property=\"og:site_name\" content=\"Costa Brava Foods\" \/>\n<meta property=\"article:modified_time\" content=\"2025-09-30T16:52:41+00:00\" \/>\n<meta property=\"og:image\" content=\"https:\/\/www.costabravafoods.com\/wp-content\/uploads\/2025\/07\/salchichon-chiffonade.jpg\" \/>\n\t<meta property=\"og:image:width\" content=\"1000\" \/>\n\t<meta property=\"og:image:height\" content=\"1000\" \/>\n\t<meta property=\"og:image:type\" content=\"image\/jpeg\" \/>\n<meta name=\"twitter:card\" content=\"summary_large_image\" \/>\n<script type=\"application\/ld+json\" class=\"yoast-schema-graph\">{\"@context\":\"https:\/\/schema.org\",\"@graph\":[{\"@type\":\"WebPage\",\"@id\":\"https:\/\/www.costabravafoods.com\/fr\/produit\/saucisson-extra-en-chiffonnade\/\",\"url\":\"https:\/\/www.costabravafoods.com\/fr\/produit\/saucisson-extra-en-chiffonnade\/\",\"name\":\"Saucisson extra en chiffonnade\",\"isPartOf\":{\"@id\":\"https:\/\/www.costabravafoods.com\/#website\"},\"primaryImageOfPage\":{\"@id\":\"https:\/\/www.costabravafoods.com\/fr\/produit\/saucisson-extra-en-chiffonnade\/#primaryimage\"},\"image\":{\"@id\":\"https:\/\/www.costabravafoods.com\/fr\/produit\/saucisson-extra-en-chiffonnade\/#primaryimage\"},\"thumbnailUrl\":\"https:\/\/www.costabravafoods.com\/wp-content\/uploads\/2025\/07\/salchichon-chiffonade.jpg\",\"datePublished\":\"2025-07-18T10:02:25+00:00\",\"dateModified\":\"2025-09-30T16:52:41+00:00\",\"description\":\"Saucisson en chiffonnade, l\u2019une des charcuteries les plus pris\u00e9es et r\u00e9put\u00e9es de la culture espagnole.\",\"breadcrumb\":{\"@id\":\"https:\/\/www.costabravafoods.com\/fr\/produit\/saucisson-extra-en-chiffonnade\/#breadcrumb\"},\"inLanguage\":\"fr-FR\",\"potentialAction\":[{\"@type\":\"ReadAction\",\"target\":[\"https:\/\/www.costabravafoods.com\/fr\/produit\/saucisson-extra-en-chiffonnade\/\"]}]},{\"@type\":\"ImageObject\",\"inLanguage\":\"fr-FR\",\"@id\":\"https:\/\/www.costabravafoods.com\/fr\/produit\/saucisson-extra-en-chiffonnade\/#primaryimage\",\"url\":\"https:\/\/www.costabravafoods.com\/wp-content\/uploads\/2025\/07\/salchichon-chiffonade.jpg\",\"contentUrl\":\"https:\/\/www.costabravafoods.com\/wp-content\/uploads\/2025\/07\/salchichon-chiffonade.jpg\",\"width\":1000,\"height\":1000,\"caption\":\"Saucisson en chiffonnade\"},{\"@type\":\"BreadcrumbList\",\"@id\":\"https:\/\/www.costabravafoods.com\/fr\/produit\/saucisson-extra-en-chiffonnade\/#breadcrumb\",\"itemListElement\":[{\"@type\":\"ListItem\",\"position\":1,\"name\":\"Portada\",\"item\":\"https:\/\/www.costabravafoods.com\/fr\/\"},{\"@type\":\"ListItem\",\"position\":2,\"name\":\"Produits\",\"item\":\"https:\/\/www.costabravafoods.com\/productos\/\"},{\"@type\":\"ListItem\",\"position\":3,\"name\":\"Saucisson extra en chiffonnade\"}]},{\"@type\":\"WebSite\",\"@id\":\"https:\/\/www.costabravafoods.com\/#website\",\"url\":\"https:\/\/www.costabravafoods.com\/\",\"name\":\"Costa Brava Foods\",\"description\":\"\",\"potentialAction\":[{\"@type\":\"SearchAction\",\"target\":{\"@type\":\"EntryPoint\",\"urlTemplate\":\"https:\/\/www.costabravafoods.com\/?s={search_term_string}\"},\"query-input\":{\"@type\":\"PropertyValueSpecification\",\"valueRequired\":true,\"valueName\":\"search_term_string\"}}],\"inLanguage\":\"fr-FR\"}]}<\/script>\n<!-- \/ Yoast SEO plugin. -->","yoast_head_json":{"title":"Saucisson extra en chiffonnade","description":"Saucisson en chiffonnade, l\u2019une des charcuteries les plus pris\u00e9es et r\u00e9put\u00e9es de la culture espagnole.","robots":{"index":"index","follow":"follow","max-snippet":"max-snippet:-1","max-image-preview":"max-image-preview:large","max-video-preview":"max-video-preview:-1"},"canonical":"https:\/\/www.costabravafoods.com\/fr\/produit\/saucisson-extra-en-chiffonnade\/","og_locale":"fr_FR","og_type":"article","og_title":"Saucisson extra en chiffonnade","og_description":"Saucisson en chiffonnade, l\u2019une des charcuteries les plus pris\u00e9es et r\u00e9put\u00e9es de la culture espagnole.","og_url":"https:\/\/www.costabravafoods.com\/fr\/produit\/saucisson-extra-en-chiffonnade\/","og_site_name":"Costa Brava Foods","article_modified_time":"2025-09-30T16:52:41+00:00","og_image":[{"width":1000,"height":1000,"url":"https:\/\/www.costabravafoods.com\/wp-content\/uploads\/2025\/07\/salchichon-chiffonade.jpg","type":"image\/jpeg"}],"twitter_card":"summary_large_image","schema":{"@context":"https:\/\/schema.org","@graph":[{"@type":"WebPage","@id":"https:\/\/www.costabravafoods.com\/fr\/produit\/saucisson-extra-en-chiffonnade\/","url":"https:\/\/www.costabravafoods.com\/fr\/produit\/saucisson-extra-en-chiffonnade\/","name":"Saucisson extra en chiffonnade","isPartOf":{"@id":"https:\/\/www.costabravafoods.com\/#website"},"primaryImageOfPage":{"@id":"https:\/\/www.costabravafoods.com\/fr\/produit\/saucisson-extra-en-chiffonnade\/#primaryimage"},"image":{"@id":"https:\/\/www.costabravafoods.com\/fr\/produit\/saucisson-extra-en-chiffonnade\/#primaryimage"},"thumbnailUrl":"https:\/\/www.costabravafoods.com\/wp-content\/uploads\/2025\/07\/salchichon-chiffonade.jpg","datePublished":"2025-07-18T10:02:25+00:00","dateModified":"2025-09-30T16:52:41+00:00","description":"Saucisson en chiffonnade, l\u2019une des charcuteries les plus pris\u00e9es et r\u00e9put\u00e9es de la culture espagnole.","breadcrumb":{"@id":"https:\/\/www.costabravafoods.com\/fr\/produit\/saucisson-extra-en-chiffonnade\/#breadcrumb"},"inLanguage":"fr-FR","potentialAction":[{"@type":"ReadAction","target":["https:\/\/www.costabravafoods.com\/fr\/produit\/saucisson-extra-en-chiffonnade\/"]}]},{"@type":"ImageObject","inLanguage":"fr-FR","@id":"https:\/\/www.costabravafoods.com\/fr\/produit\/saucisson-extra-en-chiffonnade\/#primaryimage","url":"https:\/\/www.costabravafoods.com\/wp-content\/uploads\/2025\/07\/salchichon-chiffonade.jpg","contentUrl":"https:\/\/www.costabravafoods.com\/wp-content\/uploads\/2025\/07\/salchichon-chiffonade.jpg","width":1000,"height":1000,"caption":"Saucisson en chiffonnade"},{"@type":"BreadcrumbList","@id":"https:\/\/www.costabravafoods.com\/fr\/produit\/saucisson-extra-en-chiffonnade\/#breadcrumb","itemListElement":[{"@type":"ListItem","position":1,"name":"Portada","item":"https:\/\/www.costabravafoods.com\/fr\/"},{"@type":"ListItem","position":2,"name":"Produits","item":"https:\/\/www.costabravafoods.com\/productos\/"},{"@type":"ListItem","position":3,"name":"Saucisson extra en chiffonnade"}]},{"@type":"WebSite","@id":"https:\/\/www.costabravafoods.com\/#website","url":"https:\/\/www.costabravafoods.com\/","name":"Costa Brava Foods","description":"","potentialAction":[{"@type":"SearchAction","target":{"@type":"EntryPoint","urlTemplate":"https:\/\/www.costabravafoods.com\/?s={search_term_string}"},"query-input":{"@type":"PropertyValueSpecification","valueRequired":true,"valueName":"search_term_string"}}],"inLanguage":"fr-FR"}]}},"_links":{"self":[{"href":"https:\/\/www.costabravafoods.com\/fr\/wp-json\/wp\/v2\/product\/32211","targetHints":{"allow":["GET"]}}],"collection":[{"href":"https:\/\/www.costabravafoods.com\/fr\/wp-json\/wp\/v2\/product"}],"about":[{"href":"https:\/\/www.costabravafoods.com\/fr\/wp-json\/wp\/v2\/types\/product"}],"wp:featuredmedia":[{"embeddable":true,"href":"https:\/\/www.costabravafoods.com\/fr\/wp-json\/wp\/v2\/media\/18499"}],"wp:attachment":[{"href":"https:\/\/www.costabravafoods.com\/fr\/wp-json\/wp\/v2\/media?parent=32211"}],"wp:term":[{"taxonomy":"product_brand","embeddable":true,"href":"https:\/\/www.costabravafoods.com\/fr\/wp-json\/wp\/v2\/product_brand?post=32211"},{"taxonomy":"product_cat","embeddable":true,"href":"https:\/\/www.costabravafoods.com\/fr\/wp-json\/wp\/v2\/product_cat?post=32211"},{"taxonomy":"product_tag","embeddable":true,"href":"https:\/\/www.costabravafoods.com\/fr\/wp-json\/wp\/v2\/product_tag?post=32211"},{"taxonomy":"corte_cerdo","embeddable":true,"href":"https:\/\/www.costabravafoods.com\/fr\/wp-json\/wp\/v2\/corte_cerdo?post=32211"},{"taxonomy":"corte_vacuno","embeddable":true,"href":"https:\/\/www.costabravafoods.com\/fr\/wp-json\/wp\/v2\/corte_vacuno?post=32211"},{"taxonomy":"fresh_retail","embeddable":true,"href":"https:\/\/www.costabravafoods.com\/fr\/wp-json\/wp\/v2\/fresh_retail?post=32211"},{"taxonomy":"conservacion","embeddable":true,"href":"https:\/\/www.costabravafoods.com\/fr\/wp-json\/wp\/v2\/conservacion?post=32211"},{"taxonomy":"envase","embeddable":true,"href":"https:\/\/www.costabravafoods.com\/fr\/wp-json\/wp\/v2\/envase?post=32211"},{"taxonomy":"tipo_corte","embeddable":true,"href":"https:\/\/www.costabravafoods.com\/fr\/wp-json\/wp\/v2\/tipo_corte?post=32211"}],"curies":[{"name":"wp","href":"https:\/\/api.w.org\/{rel}","templated":true}]}}