

{"id":32214,"date":"2025-07-18T12:02:25","date_gmt":"2025-07-18T10:02:25","guid":{"rendered":"https:\/\/www.costabravafoods.com\/producto\/jamon-serrano-250-g\/"},"modified":"2025-09-30T18:52:43","modified_gmt":"2025-09-30T16:52:43","slug":"jamon-serrano-250-g","status":"publish","type":"product","link":"https:\/\/www.costabravafoods.com\/fr\/produit\/jamon-serrano-250-g\/","title":{"rendered":"Jam\u00f3n serrano 250\u00a0g"},"content":{"rendered":"<p>Jam\u00f3n serrano de 250\u00a0g Costa Brava Mediterranean Foods. Un choix qui allie tendret\u00e9 et saveur. Ce jambon offre un go\u00fbt authentique et une texture d\u00e9licate. Un bon choix pour tous ceux qui recherchent qualit\u00e9 et tradition \u00e0 chaque bouch\u00e9e.<\/p>\n","protected":false},"excerpt":{"rendered":"<p>Jam\u00f3n serrano de 250\u00a0g, saveur douce, recette traditionnelle.<\/p>\n","protected":false},"featured_media":18523,"template":"","meta":[],"product_brand":[],"product_cat":[363,354],"product_tag":[],"corte_cerdo":[],"corte_vacuno":[],"fresh_retail":[646],"conservacion":[359],"envase":[357],"tipo_corte":[358],"class_list":{"0":"post-32214","1":"product","2":"type-product","3":"status-publish","4":"has-post-thumbnail","6":"product_cat-jambonserrano","7":"product_cat-tradition-fr","8":"fresh_retail-porc-fr","9":"conservacion-refrigere","10":"envase-atmosphere-protectrice","11":"tipo_corte-tranche","13":"first","14":"instock","15":"product-type-simple"},"yoast_head":"<!-- This site is optimized with the Yoast SEO plugin v27.2 - https:\/\/yoast.com\/product\/yoast-seo-wordpress\/ -->\n<title>Jam\u00f3n serrano 250\u00a0g<\/title>\n<meta name=\"description\" content=\"Jam\u00f3n serrano de 250\u00a0g, saveur douce, recette traditionnelle.\" \/>\n<meta name=\"robots\" content=\"index, follow, max-snippet:-1, max-image-preview:large, max-video-preview:-1\" \/>\n<link rel=\"canonical\" href=\"https:\/\/www.costabravafoods.com\/fr\/produit\/jamon-serrano-250-g\/\" \/>\n<meta property=\"og:locale\" content=\"fr_FR\" \/>\n<meta property=\"og:type\" content=\"article\" \/>\n<meta property=\"og:title\" content=\"Jam\u00f3n serrano 250\u00a0g\" \/>\n<meta property=\"og:description\" content=\"Jam\u00f3n serrano de 250\u00a0g, saveur douce, recette traditionnelle.\" \/>\n<meta property=\"og:url\" content=\"https:\/\/www.costabravafoods.com\/fr\/produit\/jamon-serrano-250-g\/\" \/>\n<meta property=\"og:site_name\" content=\"Costa Brava Foods\" \/>\n<meta property=\"article:modified_time\" content=\"2025-09-30T16:52:43+00:00\" \/>\n<meta property=\"og:image\" content=\"https:\/\/www.costabravafoods.com\/wp-content\/uploads\/2025\/07\/jamon-serrano-ham-250g.jpg\" \/>\n\t<meta property=\"og:image:width\" content=\"1000\" \/>\n\t<meta property=\"og:image:height\" content=\"1000\" \/>\n\t<meta property=\"og:image:type\" content=\"image\/jpeg\" \/>\n<meta name=\"twitter:card\" content=\"summary_large_image\" \/>\n<script type=\"application\/ld+json\" class=\"yoast-schema-graph\">{\"@context\":\"https:\/\/schema.org\",\"@graph\":[{\"@type\":\"WebPage\",\"@id\":\"https:\/\/www.costabravafoods.com\/fr\/produit\/jamon-serrano-250-g\/\",\"url\":\"https:\/\/www.costabravafoods.com\/fr\/produit\/jamon-serrano-250-g\/\",\"name\":\"Jam\u00f3n serrano 250\u00a0g\",\"isPartOf\":{\"@id\":\"https:\/\/www.costabravafoods.com\/#website\"},\"primaryImageOfPage\":{\"@id\":\"https:\/\/www.costabravafoods.com\/fr\/produit\/jamon-serrano-250-g\/#primaryimage\"},\"image\":{\"@id\":\"https:\/\/www.costabravafoods.com\/fr\/produit\/jamon-serrano-250-g\/#primaryimage\"},\"thumbnailUrl\":\"https:\/\/www.costabravafoods.com\/wp-content\/uploads\/2025\/07\/jamon-serrano-ham-250g.jpg\",\"datePublished\":\"2025-07-18T10:02:25+00:00\",\"dateModified\":\"2025-09-30T16:52:43+00:00\",\"description\":\"Jam\u00f3n serrano de 250\u00a0g, saveur douce, recette traditionnelle.\",\"breadcrumb\":{\"@id\":\"https:\/\/www.costabravafoods.com\/fr\/produit\/jamon-serrano-250-g\/#breadcrumb\"},\"inLanguage\":\"fr-FR\",\"potentialAction\":[{\"@type\":\"ReadAction\",\"target\":[\"https:\/\/www.costabravafoods.com\/fr\/produit\/jamon-serrano-250-g\/\"]}]},{\"@type\":\"ImageObject\",\"inLanguage\":\"fr-FR\",\"@id\":\"https:\/\/www.costabravafoods.com\/fr\/produit\/jamon-serrano-250-g\/#primaryimage\",\"url\":\"https:\/\/www.costabravafoods.com\/wp-content\/uploads\/2025\/07\/jamon-serrano-ham-250g.jpg\",\"contentUrl\":\"https:\/\/www.costabravafoods.com\/wp-content\/uploads\/2025\/07\/jamon-serrano-ham-250g.jpg\",\"width\":1000,\"height\":1000,\"caption\":\"Jam\u00f3n serrano de 250\u00a0g\"},{\"@type\":\"BreadcrumbList\",\"@id\":\"https:\/\/www.costabravafoods.com\/fr\/produit\/jamon-serrano-250-g\/#breadcrumb\",\"itemListElement\":[{\"@type\":\"ListItem\",\"position\":1,\"name\":\"Portada\",\"item\":\"https:\/\/www.costabravafoods.com\/fr\/\"},{\"@type\":\"ListItem\",\"position\":2,\"name\":\"Produits\",\"item\":\"https:\/\/www.costabravafoods.com\/productos\/\"},{\"@type\":\"ListItem\",\"position\":3,\"name\":\"Jam\u00f3n serrano 250\u00a0g\"}]},{\"@type\":\"WebSite\",\"@id\":\"https:\/\/www.costabravafoods.com\/#website\",\"url\":\"https:\/\/www.costabravafoods.com\/\",\"name\":\"Costa Brava Foods\",\"description\":\"\",\"potentialAction\":[{\"@type\":\"SearchAction\",\"target\":{\"@type\":\"EntryPoint\",\"urlTemplate\":\"https:\/\/www.costabravafoods.com\/?s={search_term_string}\"},\"query-input\":{\"@type\":\"PropertyValueSpecification\",\"valueRequired\":true,\"valueName\":\"search_term_string\"}}],\"inLanguage\":\"fr-FR\"}]}<\/script>\n<!-- \/ Yoast SEO plugin. -->","yoast_head_json":{"title":"Jam\u00f3n serrano 250\u00a0g","description":"Jam\u00f3n serrano de 250\u00a0g, saveur douce, recette traditionnelle.","robots":{"index":"index","follow":"follow","max-snippet":"max-snippet:-1","max-image-preview":"max-image-preview:large","max-video-preview":"max-video-preview:-1"},"canonical":"https:\/\/www.costabravafoods.com\/fr\/produit\/jamon-serrano-250-g\/","og_locale":"fr_FR","og_type":"article","og_title":"Jam\u00f3n serrano 250\u00a0g","og_description":"Jam\u00f3n serrano de 250\u00a0g, saveur douce, recette traditionnelle.","og_url":"https:\/\/www.costabravafoods.com\/fr\/produit\/jamon-serrano-250-g\/","og_site_name":"Costa Brava Foods","article_modified_time":"2025-09-30T16:52:43+00:00","og_image":[{"width":1000,"height":1000,"url":"https:\/\/www.costabravafoods.com\/wp-content\/uploads\/2025\/07\/jamon-serrano-ham-250g.jpg","type":"image\/jpeg"}],"twitter_card":"summary_large_image","schema":{"@context":"https:\/\/schema.org","@graph":[{"@type":"WebPage","@id":"https:\/\/www.costabravafoods.com\/fr\/produit\/jamon-serrano-250-g\/","url":"https:\/\/www.costabravafoods.com\/fr\/produit\/jamon-serrano-250-g\/","name":"Jam\u00f3n serrano 250\u00a0g","isPartOf":{"@id":"https:\/\/www.costabravafoods.com\/#website"},"primaryImageOfPage":{"@id":"https:\/\/www.costabravafoods.com\/fr\/produit\/jamon-serrano-250-g\/#primaryimage"},"image":{"@id":"https:\/\/www.costabravafoods.com\/fr\/produit\/jamon-serrano-250-g\/#primaryimage"},"thumbnailUrl":"https:\/\/www.costabravafoods.com\/wp-content\/uploads\/2025\/07\/jamon-serrano-ham-250g.jpg","datePublished":"2025-07-18T10:02:25+00:00","dateModified":"2025-09-30T16:52:43+00:00","description":"Jam\u00f3n serrano de 250\u00a0g, saveur douce, recette traditionnelle.","breadcrumb":{"@id":"https:\/\/www.costabravafoods.com\/fr\/produit\/jamon-serrano-250-g\/#breadcrumb"},"inLanguage":"fr-FR","potentialAction":[{"@type":"ReadAction","target":["https:\/\/www.costabravafoods.com\/fr\/produit\/jamon-serrano-250-g\/"]}]},{"@type":"ImageObject","inLanguage":"fr-FR","@id":"https:\/\/www.costabravafoods.com\/fr\/produit\/jamon-serrano-250-g\/#primaryimage","url":"https:\/\/www.costabravafoods.com\/wp-content\/uploads\/2025\/07\/jamon-serrano-ham-250g.jpg","contentUrl":"https:\/\/www.costabravafoods.com\/wp-content\/uploads\/2025\/07\/jamon-serrano-ham-250g.jpg","width":1000,"height":1000,"caption":"Jam\u00f3n serrano de 250\u00a0g"},{"@type":"BreadcrumbList","@id":"https:\/\/www.costabravafoods.com\/fr\/produit\/jamon-serrano-250-g\/#breadcrumb","itemListElement":[{"@type":"ListItem","position":1,"name":"Portada","item":"https:\/\/www.costabravafoods.com\/fr\/"},{"@type":"ListItem","position":2,"name":"Produits","item":"https:\/\/www.costabravafoods.com\/productos\/"},{"@type":"ListItem","position":3,"name":"Jam\u00f3n serrano 250\u00a0g"}]},{"@type":"WebSite","@id":"https:\/\/www.costabravafoods.com\/#website","url":"https:\/\/www.costabravafoods.com\/","name":"Costa Brava Foods","description":"","potentialAction":[{"@type":"SearchAction","target":{"@type":"EntryPoint","urlTemplate":"https:\/\/www.costabravafoods.com\/?s={search_term_string}"},"query-input":{"@type":"PropertyValueSpecification","valueRequired":true,"valueName":"search_term_string"}}],"inLanguage":"fr-FR"}]}},"_links":{"self":[{"href":"https:\/\/www.costabravafoods.com\/fr\/wp-json\/wp\/v2\/product\/32214","targetHints":{"allow":["GET"]}}],"collection":[{"href":"https:\/\/www.costabravafoods.com\/fr\/wp-json\/wp\/v2\/product"}],"about":[{"href":"https:\/\/www.costabravafoods.com\/fr\/wp-json\/wp\/v2\/types\/product"}],"wp:featuredmedia":[{"embeddable":true,"href":"https:\/\/www.costabravafoods.com\/fr\/wp-json\/wp\/v2\/media\/18523"}],"wp:attachment":[{"href":"https:\/\/www.costabravafoods.com\/fr\/wp-json\/wp\/v2\/media?parent=32214"}],"wp:term":[{"taxonomy":"product_brand","embeddable":true,"href":"https:\/\/www.costabravafoods.com\/fr\/wp-json\/wp\/v2\/product_brand?post=32214"},{"taxonomy":"product_cat","embeddable":true,"href":"https:\/\/www.costabravafoods.com\/fr\/wp-json\/wp\/v2\/product_cat?post=32214"},{"taxonomy":"product_tag","embeddable":true,"href":"https:\/\/www.costabravafoods.com\/fr\/wp-json\/wp\/v2\/product_tag?post=32214"},{"taxonomy":"corte_cerdo","embeddable":true,"href":"https:\/\/www.costabravafoods.com\/fr\/wp-json\/wp\/v2\/corte_cerdo?post=32214"},{"taxonomy":"corte_vacuno","embeddable":true,"href":"https:\/\/www.costabravafoods.com\/fr\/wp-json\/wp\/v2\/corte_vacuno?post=32214"},{"taxonomy":"fresh_retail","embeddable":true,"href":"https:\/\/www.costabravafoods.com\/fr\/wp-json\/wp\/v2\/fresh_retail?post=32214"},{"taxonomy":"conservacion","embeddable":true,"href":"https:\/\/www.costabravafoods.com\/fr\/wp-json\/wp\/v2\/conservacion?post=32214"},{"taxonomy":"envase","embeddable":true,"href":"https:\/\/www.costabravafoods.com\/fr\/wp-json\/wp\/v2\/envase?post=32214"},{"taxonomy":"tipo_corte","embeddable":true,"href":"https:\/\/www.costabravafoods.com\/fr\/wp-json\/wp\/v2\/tipo_corte?post=32214"}],"curies":[{"name":"wp","href":"https:\/\/api.w.org\/{rel}","templated":true}]}}