

{"id":32220,"date":"2025-07-18T12:02:25","date_gmt":"2025-07-18T10:02:25","guid":{"rendered":"https:\/\/www.costabravafoods.com\/producto\/lot-de-deux-paquets-de-jamon-serrano\/"},"modified":"2025-09-30T18:52:48","modified_gmt":"2025-09-30T16:52:48","slug":"lot-de-deux-paquets-de-jamon-serrano","status":"publish","type":"product","link":"https:\/\/www.costabravafoods.com\/fr\/produit\/lot-de-deux-paquets-de-jamon-serrano\/","title":{"rendered":"Lot de deux paquets de Jam\u00f3n serrano"},"content":{"rendered":"<p>Lot de deux paquets de Jam\u00f3n serrano Costa Brava Mediterranean Foods,  une solution avantageuse pour les amateurs de bonne charcuterie. Ce paquet contient deux d\u00e9licieuses portions de 250\u00a0g chacune et garantit fra\u00eecheur et saveur \u00e0 chaque bouch\u00e9e. \u00c0 partager en groupe, \u00e0 pr\u00e9parer en tapas ou \u00e0 d\u00e9guster tout simplement en ap\u00e9ritif.<\/p>\n","protected":false},"excerpt":{"rendered":"<p>Lot de deux paquets de Jam\u00f3n serrano de 250\u00a0g, saveur douce, recette traditionnelle.<\/p>\n","protected":false},"featured_media":18571,"template":"","meta":[],"product_brand":[],"product_cat":[363,354],"product_tag":[],"corte_cerdo":[],"corte_vacuno":[],"fresh_retail":[646],"conservacion":[359],"envase":[357],"tipo_corte":[358],"class_list":{"0":"post-32220","1":"product","2":"type-product","3":"status-publish","4":"has-post-thumbnail","6":"product_cat-jambonserrano","7":"product_cat-tradition-fr","8":"fresh_retail-porc-fr","9":"conservacion-refrigere","10":"envase-atmosphere-protectrice","11":"tipo_corte-tranche","13":"first","14":"instock","15":"product-type-simple"},"yoast_head":"<!-- This site is optimized with the Yoast SEO plugin v27.2 - https:\/\/yoast.com\/product\/yoast-seo-wordpress\/ -->\n<title>Lot de deux paquets de Jam\u00f3n serrano<\/title>\n<meta name=\"description\" content=\"Lot de deux paquets de Jam\u00f3n serrano de 250\u00a0g, saveur douce, recette traditionnelle.\" \/>\n<meta name=\"robots\" content=\"index, follow, max-snippet:-1, max-image-preview:large, max-video-preview:-1\" \/>\n<link rel=\"canonical\" href=\"https:\/\/www.costabravafoods.com\/fr\/produit\/lot-de-deux-paquets-de-jamon-serrano\/\" \/>\n<meta property=\"og:locale\" content=\"fr_FR\" \/>\n<meta property=\"og:type\" content=\"article\" \/>\n<meta property=\"og:title\" content=\"Lot de deux paquets de Jam\u00f3n serrano\" \/>\n<meta property=\"og:description\" content=\"Lot de deux paquets de Jam\u00f3n serrano de 250\u00a0g, saveur douce, recette traditionnelle.\" \/>\n<meta property=\"og:url\" content=\"https:\/\/www.costabravafoods.com\/fr\/produit\/lot-de-deux-paquets-de-jamon-serrano\/\" \/>\n<meta property=\"og:site_name\" content=\"Costa Brava Foods\" \/>\n<meta property=\"article:modified_time\" content=\"2025-09-30T16:52:48+00:00\" \/>\n<meta property=\"og:image\" content=\"https:\/\/www.costabravafoods.com\/wp-content\/uploads\/2025\/07\/bipack-jamon-serrano.jpg\" \/>\n\t<meta property=\"og:image:width\" content=\"1000\" \/>\n\t<meta property=\"og:image:height\" content=\"1000\" \/>\n\t<meta property=\"og:image:type\" content=\"image\/jpeg\" \/>\n<meta name=\"twitter:card\" content=\"summary_large_image\" \/>\n<script type=\"application\/ld+json\" class=\"yoast-schema-graph\">{\"@context\":\"https:\/\/schema.org\",\"@graph\":[{\"@type\":\"WebPage\",\"@id\":\"https:\/\/www.costabravafoods.com\/fr\/produit\/lot-de-deux-paquets-de-jamon-serrano\/\",\"url\":\"https:\/\/www.costabravafoods.com\/fr\/produit\/lot-de-deux-paquets-de-jamon-serrano\/\",\"name\":\"Lot de deux paquets de Jam\u00f3n serrano\",\"isPartOf\":{\"@id\":\"https:\/\/www.costabravafoods.com\/#website\"},\"primaryImageOfPage\":{\"@id\":\"https:\/\/www.costabravafoods.com\/fr\/produit\/lot-de-deux-paquets-de-jamon-serrano\/#primaryimage\"},\"image\":{\"@id\":\"https:\/\/www.costabravafoods.com\/fr\/produit\/lot-de-deux-paquets-de-jamon-serrano\/#primaryimage\"},\"thumbnailUrl\":\"https:\/\/www.costabravafoods.com\/wp-content\/uploads\/2025\/07\/bipack-jamon-serrano.jpg\",\"datePublished\":\"2025-07-18T10:02:25+00:00\",\"dateModified\":\"2025-09-30T16:52:48+00:00\",\"description\":\"Lot de deux paquets de Jam\u00f3n serrano de 250\u00a0g, saveur douce, recette traditionnelle.\",\"breadcrumb\":{\"@id\":\"https:\/\/www.costabravafoods.com\/fr\/produit\/lot-de-deux-paquets-de-jamon-serrano\/#breadcrumb\"},\"inLanguage\":\"fr-FR\",\"potentialAction\":[{\"@type\":\"ReadAction\",\"target\":[\"https:\/\/www.costabravafoods.com\/fr\/produit\/lot-de-deux-paquets-de-jamon-serrano\/\"]}]},{\"@type\":\"ImageObject\",\"inLanguage\":\"fr-FR\",\"@id\":\"https:\/\/www.costabravafoods.com\/fr\/produit\/lot-de-deux-paquets-de-jamon-serrano\/#primaryimage\",\"url\":\"https:\/\/www.costabravafoods.com\/wp-content\/uploads\/2025\/07\/bipack-jamon-serrano.jpg\",\"contentUrl\":\"https:\/\/www.costabravafoods.com\/wp-content\/uploads\/2025\/07\/bipack-jamon-serrano.jpg\",\"width\":1000,\"height\":1000,\"caption\":\"Lot de deux paquets de Jam\u00f3n serrano de 250\u00a0g\"},{\"@type\":\"BreadcrumbList\",\"@id\":\"https:\/\/www.costabravafoods.com\/fr\/produit\/lot-de-deux-paquets-de-jamon-serrano\/#breadcrumb\",\"itemListElement\":[{\"@type\":\"ListItem\",\"position\":1,\"name\":\"Portada\",\"item\":\"https:\/\/www.costabravafoods.com\/fr\/\"},{\"@type\":\"ListItem\",\"position\":2,\"name\":\"Produits\",\"item\":\"https:\/\/www.costabravafoods.com\/productos\/\"},{\"@type\":\"ListItem\",\"position\":3,\"name\":\"Lot de deux paquets de Jam\u00f3n serrano\"}]},{\"@type\":\"WebSite\",\"@id\":\"https:\/\/www.costabravafoods.com\/#website\",\"url\":\"https:\/\/www.costabravafoods.com\/\",\"name\":\"Costa Brava Foods\",\"description\":\"\",\"potentialAction\":[{\"@type\":\"SearchAction\",\"target\":{\"@type\":\"EntryPoint\",\"urlTemplate\":\"https:\/\/www.costabravafoods.com\/?s={search_term_string}\"},\"query-input\":{\"@type\":\"PropertyValueSpecification\",\"valueRequired\":true,\"valueName\":\"search_term_string\"}}],\"inLanguage\":\"fr-FR\"}]}<\/script>\n<!-- \/ Yoast SEO plugin. -->","yoast_head_json":{"title":"Lot de deux paquets de Jam\u00f3n serrano","description":"Lot de deux paquets de Jam\u00f3n serrano de 250\u00a0g, saveur douce, recette traditionnelle.","robots":{"index":"index","follow":"follow","max-snippet":"max-snippet:-1","max-image-preview":"max-image-preview:large","max-video-preview":"max-video-preview:-1"},"canonical":"https:\/\/www.costabravafoods.com\/fr\/produit\/lot-de-deux-paquets-de-jamon-serrano\/","og_locale":"fr_FR","og_type":"article","og_title":"Lot de deux paquets de Jam\u00f3n serrano","og_description":"Lot de deux paquets de Jam\u00f3n serrano de 250\u00a0g, saveur douce, recette traditionnelle.","og_url":"https:\/\/www.costabravafoods.com\/fr\/produit\/lot-de-deux-paquets-de-jamon-serrano\/","og_site_name":"Costa Brava Foods","article_modified_time":"2025-09-30T16:52:48+00:00","og_image":[{"width":1000,"height":1000,"url":"https:\/\/www.costabravafoods.com\/wp-content\/uploads\/2025\/07\/bipack-jamon-serrano.jpg","type":"image\/jpeg"}],"twitter_card":"summary_large_image","schema":{"@context":"https:\/\/schema.org","@graph":[{"@type":"WebPage","@id":"https:\/\/www.costabravafoods.com\/fr\/produit\/lot-de-deux-paquets-de-jamon-serrano\/","url":"https:\/\/www.costabravafoods.com\/fr\/produit\/lot-de-deux-paquets-de-jamon-serrano\/","name":"Lot de deux paquets de Jam\u00f3n serrano","isPartOf":{"@id":"https:\/\/www.costabravafoods.com\/#website"},"primaryImageOfPage":{"@id":"https:\/\/www.costabravafoods.com\/fr\/produit\/lot-de-deux-paquets-de-jamon-serrano\/#primaryimage"},"image":{"@id":"https:\/\/www.costabravafoods.com\/fr\/produit\/lot-de-deux-paquets-de-jamon-serrano\/#primaryimage"},"thumbnailUrl":"https:\/\/www.costabravafoods.com\/wp-content\/uploads\/2025\/07\/bipack-jamon-serrano.jpg","datePublished":"2025-07-18T10:02:25+00:00","dateModified":"2025-09-30T16:52:48+00:00","description":"Lot de deux paquets de Jam\u00f3n serrano de 250\u00a0g, saveur douce, recette traditionnelle.","breadcrumb":{"@id":"https:\/\/www.costabravafoods.com\/fr\/produit\/lot-de-deux-paquets-de-jamon-serrano\/#breadcrumb"},"inLanguage":"fr-FR","potentialAction":[{"@type":"ReadAction","target":["https:\/\/www.costabravafoods.com\/fr\/produit\/lot-de-deux-paquets-de-jamon-serrano\/"]}]},{"@type":"ImageObject","inLanguage":"fr-FR","@id":"https:\/\/www.costabravafoods.com\/fr\/produit\/lot-de-deux-paquets-de-jamon-serrano\/#primaryimage","url":"https:\/\/www.costabravafoods.com\/wp-content\/uploads\/2025\/07\/bipack-jamon-serrano.jpg","contentUrl":"https:\/\/www.costabravafoods.com\/wp-content\/uploads\/2025\/07\/bipack-jamon-serrano.jpg","width":1000,"height":1000,"caption":"Lot de deux paquets de Jam\u00f3n serrano de 250\u00a0g"},{"@type":"BreadcrumbList","@id":"https:\/\/www.costabravafoods.com\/fr\/produit\/lot-de-deux-paquets-de-jamon-serrano\/#breadcrumb","itemListElement":[{"@type":"ListItem","position":1,"name":"Portada","item":"https:\/\/www.costabravafoods.com\/fr\/"},{"@type":"ListItem","position":2,"name":"Produits","item":"https:\/\/www.costabravafoods.com\/productos\/"},{"@type":"ListItem","position":3,"name":"Lot de deux paquets de Jam\u00f3n serrano"}]},{"@type":"WebSite","@id":"https:\/\/www.costabravafoods.com\/#website","url":"https:\/\/www.costabravafoods.com\/","name":"Costa Brava Foods","description":"","potentialAction":[{"@type":"SearchAction","target":{"@type":"EntryPoint","urlTemplate":"https:\/\/www.costabravafoods.com\/?s={search_term_string}"},"query-input":{"@type":"PropertyValueSpecification","valueRequired":true,"valueName":"search_term_string"}}],"inLanguage":"fr-FR"}]}},"_links":{"self":[{"href":"https:\/\/www.costabravafoods.com\/fr\/wp-json\/wp\/v2\/product\/32220","targetHints":{"allow":["GET"]}}],"collection":[{"href":"https:\/\/www.costabravafoods.com\/fr\/wp-json\/wp\/v2\/product"}],"about":[{"href":"https:\/\/www.costabravafoods.com\/fr\/wp-json\/wp\/v2\/types\/product"}],"wp:featuredmedia":[{"embeddable":true,"href":"https:\/\/www.costabravafoods.com\/fr\/wp-json\/wp\/v2\/media\/18571"}],"wp:attachment":[{"href":"https:\/\/www.costabravafoods.com\/fr\/wp-json\/wp\/v2\/media?parent=32220"}],"wp:term":[{"taxonomy":"product_brand","embeddable":true,"href":"https:\/\/www.costabravafoods.com\/fr\/wp-json\/wp\/v2\/product_brand?post=32220"},{"taxonomy":"product_cat","embeddable":true,"href":"https:\/\/www.costabravafoods.com\/fr\/wp-json\/wp\/v2\/product_cat?post=32220"},{"taxonomy":"product_tag","embeddable":true,"href":"https:\/\/www.costabravafoods.com\/fr\/wp-json\/wp\/v2\/product_tag?post=32220"},{"taxonomy":"corte_cerdo","embeddable":true,"href":"https:\/\/www.costabravafoods.com\/fr\/wp-json\/wp\/v2\/corte_cerdo?post=32220"},{"taxonomy":"corte_vacuno","embeddable":true,"href":"https:\/\/www.costabravafoods.com\/fr\/wp-json\/wp\/v2\/corte_vacuno?post=32220"},{"taxonomy":"fresh_retail","embeddable":true,"href":"https:\/\/www.costabravafoods.com\/fr\/wp-json\/wp\/v2\/fresh_retail?post=32220"},{"taxonomy":"conservacion","embeddable":true,"href":"https:\/\/www.costabravafoods.com\/fr\/wp-json\/wp\/v2\/conservacion?post=32220"},{"taxonomy":"envase","embeddable":true,"href":"https:\/\/www.costabravafoods.com\/fr\/wp-json\/wp\/v2\/envase?post=32220"},{"taxonomy":"tipo_corte","embeddable":true,"href":"https:\/\/www.costabravafoods.com\/fr\/wp-json\/wp\/v2\/tipo_corte?post=32220"}],"curies":[{"name":"wp","href":"https:\/\/api.w.org\/{rel}","templated":true}]}}