

{"id":32223,"date":"2025-07-18T12:02:25","date_gmt":"2025-07-18T10:02:25","guid":{"rendered":"https:\/\/www.costabravafoods.com\/producto\/joue-interieure-de-porc\/"},"modified":"2025-09-30T18:52:51","modified_gmt":"2025-09-30T16:52:51","slug":"joue-interieure-de-porc","status":"publish","type":"product","link":"https:\/\/www.costabravafoods.com\/fr\/produit\/joue-interieure-de-porc\/","title":{"rendered":"Joue int\u00e9rieure de porc"},"content":{"rendered":"<p>La joue int\u00e9rieure de porc provient des muscles mass\u00e9ters, des parties grasses qui se situent des deux c\u00f4t\u00e9s de la t\u00eate. Elle est extr\u00eamement pris\u00e9e sur le march\u00e9 espagnol et fait partie des meilleures pi\u00e8ces. \u00c0 cuisiner \u00e0 feu lent, en rago\u00fbt ou brais\u00e9e, pour relever sa douceur et sa tendret\u00e9.<\/p>\n","protected":false},"excerpt":{"rendered":"<p>Joue int\u00e9rieure, extr\u00eamement pris\u00e9e sur le march\u00e9 espagnol, qui fait partie des meilleures pi\u00e8ces<\/p>\n","protected":false},"featured_media":18595,"template":"","meta":[],"product_brand":[],"product_cat":[335,342],"product_tag":[],"corte_cerdo":[],"corte_vacuno":[],"fresh_retail":[646],"conservacion":[],"envase":[344],"tipo_corte":[],"class_list":{"0":"post-32223","1":"product","2":"type-product","3":"status-publish","4":"has-post-thumbnail","6":"product_cat-fresh-fr","7":"product_cat-retail-fr","8":"fresh_retail-porc-fr","9":"envase-sous-vide","11":"first","12":"instock","13":"product-type-simple"},"yoast_head":"<!-- This site is optimized with the Yoast SEO plugin v27.2 - https:\/\/yoast.com\/product\/yoast-seo-wordpress\/ -->\n<title>Joue int\u00e9rieure de porc<\/title>\n<meta name=\"description\" content=\"Joue int\u00e9rieure, extr\u00eamement pris\u00e9e sur le march\u00e9 espagnol, qui fait partie des meilleures pi\u00e8ces\" \/>\n<meta name=\"robots\" content=\"index, follow, max-snippet:-1, max-image-preview:large, max-video-preview:-1\" \/>\n<link rel=\"canonical\" href=\"https:\/\/www.costabravafoods.com\/fr\/produit\/joue-interieure-de-porc\/\" \/>\n<meta property=\"og:locale\" content=\"fr_FR\" \/>\n<meta property=\"og:type\" content=\"article\" \/>\n<meta property=\"og:title\" content=\"Joue int\u00e9rieure de porc\" \/>\n<meta property=\"og:description\" content=\"Joue int\u00e9rieure, extr\u00eamement pris\u00e9e sur le march\u00e9 espagnol, qui fait partie des meilleures pi\u00e8ces\" \/>\n<meta property=\"og:url\" content=\"https:\/\/www.costabravafoods.com\/fr\/produit\/joue-interieure-de-porc\/\" \/>\n<meta property=\"og:site_name\" content=\"Costa Brava Foods\" \/>\n<meta property=\"article:modified_time\" content=\"2025-09-30T16:52:51+00:00\" \/>\n<meta property=\"og:image\" content=\"https:\/\/www.costabravafoods.com\/wp-content\/uploads\/2025\/07\/carrillada-internal-cheek.jpg\" \/>\n\t<meta property=\"og:image:width\" content=\"1000\" \/>\n\t<meta property=\"og:image:height\" content=\"1000\" \/>\n\t<meta property=\"og:image:type\" content=\"image\/jpeg\" \/>\n<meta name=\"twitter:card\" content=\"summary_large_image\" \/>\n<script type=\"application\/ld+json\" class=\"yoast-schema-graph\">{\"@context\":\"https:\/\/schema.org\",\"@graph\":[{\"@type\":\"WebPage\",\"@id\":\"https:\/\/www.costabravafoods.com\/fr\/produit\/joue-interieure-de-porc\/\",\"url\":\"https:\/\/www.costabravafoods.com\/fr\/produit\/joue-interieure-de-porc\/\",\"name\":\"Joue int\u00e9rieure de porc\",\"isPartOf\":{\"@id\":\"https:\/\/www.costabravafoods.com\/#website\"},\"primaryImageOfPage\":{\"@id\":\"https:\/\/www.costabravafoods.com\/fr\/produit\/joue-interieure-de-porc\/#primaryimage\"},\"image\":{\"@id\":\"https:\/\/www.costabravafoods.com\/fr\/produit\/joue-interieure-de-porc\/#primaryimage\"},\"thumbnailUrl\":\"https:\/\/www.costabravafoods.com\/wp-content\/uploads\/2025\/07\/carrillada-internal-cheek.jpg\",\"datePublished\":\"2025-07-18T10:02:25+00:00\",\"dateModified\":\"2025-09-30T16:52:51+00:00\",\"description\":\"Joue int\u00e9rieure, extr\u00eamement pris\u00e9e sur le march\u00e9 espagnol, qui fait partie des meilleures pi\u00e8ces\",\"breadcrumb\":{\"@id\":\"https:\/\/www.costabravafoods.com\/fr\/produit\/joue-interieure-de-porc\/#breadcrumb\"},\"inLanguage\":\"fr-FR\",\"potentialAction\":[{\"@type\":\"ReadAction\",\"target\":[\"https:\/\/www.costabravafoods.com\/fr\/produit\/joue-interieure-de-porc\/\"]}]},{\"@type\":\"ImageObject\",\"inLanguage\":\"fr-FR\",\"@id\":\"https:\/\/www.costabravafoods.com\/fr\/produit\/joue-interieure-de-porc\/#primaryimage\",\"url\":\"https:\/\/www.costabravafoods.com\/wp-content\/uploads\/2025\/07\/carrillada-internal-cheek.jpg\",\"contentUrl\":\"https:\/\/www.costabravafoods.com\/wp-content\/uploads\/2025\/07\/carrillada-internal-cheek.jpg\",\"width\":1000,\"height\":1000,\"caption\":\"Joue int\u00e9rieure\"},{\"@type\":\"BreadcrumbList\",\"@id\":\"https:\/\/www.costabravafoods.com\/fr\/produit\/joue-interieure-de-porc\/#breadcrumb\",\"itemListElement\":[{\"@type\":\"ListItem\",\"position\":1,\"name\":\"Portada\",\"item\":\"https:\/\/www.costabravafoods.com\/fr\/\"},{\"@type\":\"ListItem\",\"position\":2,\"name\":\"Produits\",\"item\":\"https:\/\/www.costabravafoods.com\/productos\/\"},{\"@type\":\"ListItem\",\"position\":3,\"name\":\"Joue int\u00e9rieure de porc\"}]},{\"@type\":\"WebSite\",\"@id\":\"https:\/\/www.costabravafoods.com\/#website\",\"url\":\"https:\/\/www.costabravafoods.com\/\",\"name\":\"Costa Brava Foods\",\"description\":\"\",\"potentialAction\":[{\"@type\":\"SearchAction\",\"target\":{\"@type\":\"EntryPoint\",\"urlTemplate\":\"https:\/\/www.costabravafoods.com\/?s={search_term_string}\"},\"query-input\":{\"@type\":\"PropertyValueSpecification\",\"valueRequired\":true,\"valueName\":\"search_term_string\"}}],\"inLanguage\":\"fr-FR\"}]}<\/script>\n<!-- \/ Yoast SEO plugin. -->","yoast_head_json":{"title":"Joue int\u00e9rieure de porc","description":"Joue int\u00e9rieure, extr\u00eamement pris\u00e9e sur le march\u00e9 espagnol, qui fait partie des meilleures pi\u00e8ces","robots":{"index":"index","follow":"follow","max-snippet":"max-snippet:-1","max-image-preview":"max-image-preview:large","max-video-preview":"max-video-preview:-1"},"canonical":"https:\/\/www.costabravafoods.com\/fr\/produit\/joue-interieure-de-porc\/","og_locale":"fr_FR","og_type":"article","og_title":"Joue int\u00e9rieure de porc","og_description":"Joue int\u00e9rieure, extr\u00eamement pris\u00e9e sur le march\u00e9 espagnol, qui fait partie des meilleures pi\u00e8ces","og_url":"https:\/\/www.costabravafoods.com\/fr\/produit\/joue-interieure-de-porc\/","og_site_name":"Costa Brava Foods","article_modified_time":"2025-09-30T16:52:51+00:00","og_image":[{"width":1000,"height":1000,"url":"https:\/\/www.costabravafoods.com\/wp-content\/uploads\/2025\/07\/carrillada-internal-cheek.jpg","type":"image\/jpeg"}],"twitter_card":"summary_large_image","schema":{"@context":"https:\/\/schema.org","@graph":[{"@type":"WebPage","@id":"https:\/\/www.costabravafoods.com\/fr\/produit\/joue-interieure-de-porc\/","url":"https:\/\/www.costabravafoods.com\/fr\/produit\/joue-interieure-de-porc\/","name":"Joue int\u00e9rieure de porc","isPartOf":{"@id":"https:\/\/www.costabravafoods.com\/#website"},"primaryImageOfPage":{"@id":"https:\/\/www.costabravafoods.com\/fr\/produit\/joue-interieure-de-porc\/#primaryimage"},"image":{"@id":"https:\/\/www.costabravafoods.com\/fr\/produit\/joue-interieure-de-porc\/#primaryimage"},"thumbnailUrl":"https:\/\/www.costabravafoods.com\/wp-content\/uploads\/2025\/07\/carrillada-internal-cheek.jpg","datePublished":"2025-07-18T10:02:25+00:00","dateModified":"2025-09-30T16:52:51+00:00","description":"Joue int\u00e9rieure, extr\u00eamement pris\u00e9e sur le march\u00e9 espagnol, qui fait partie des meilleures pi\u00e8ces","breadcrumb":{"@id":"https:\/\/www.costabravafoods.com\/fr\/produit\/joue-interieure-de-porc\/#breadcrumb"},"inLanguage":"fr-FR","potentialAction":[{"@type":"ReadAction","target":["https:\/\/www.costabravafoods.com\/fr\/produit\/joue-interieure-de-porc\/"]}]},{"@type":"ImageObject","inLanguage":"fr-FR","@id":"https:\/\/www.costabravafoods.com\/fr\/produit\/joue-interieure-de-porc\/#primaryimage","url":"https:\/\/www.costabravafoods.com\/wp-content\/uploads\/2025\/07\/carrillada-internal-cheek.jpg","contentUrl":"https:\/\/www.costabravafoods.com\/wp-content\/uploads\/2025\/07\/carrillada-internal-cheek.jpg","width":1000,"height":1000,"caption":"Joue int\u00e9rieure"},{"@type":"BreadcrumbList","@id":"https:\/\/www.costabravafoods.com\/fr\/produit\/joue-interieure-de-porc\/#breadcrumb","itemListElement":[{"@type":"ListItem","position":1,"name":"Portada","item":"https:\/\/www.costabravafoods.com\/fr\/"},{"@type":"ListItem","position":2,"name":"Produits","item":"https:\/\/www.costabravafoods.com\/productos\/"},{"@type":"ListItem","position":3,"name":"Joue int\u00e9rieure de porc"}]},{"@type":"WebSite","@id":"https:\/\/www.costabravafoods.com\/#website","url":"https:\/\/www.costabravafoods.com\/","name":"Costa Brava Foods","description":"","potentialAction":[{"@type":"SearchAction","target":{"@type":"EntryPoint","urlTemplate":"https:\/\/www.costabravafoods.com\/?s={search_term_string}"},"query-input":{"@type":"PropertyValueSpecification","valueRequired":true,"valueName":"search_term_string"}}],"inLanguage":"fr-FR"}]}},"_links":{"self":[{"href":"https:\/\/www.costabravafoods.com\/fr\/wp-json\/wp\/v2\/product\/32223","targetHints":{"allow":["GET"]}}],"collection":[{"href":"https:\/\/www.costabravafoods.com\/fr\/wp-json\/wp\/v2\/product"}],"about":[{"href":"https:\/\/www.costabravafoods.com\/fr\/wp-json\/wp\/v2\/types\/product"}],"wp:featuredmedia":[{"embeddable":true,"href":"https:\/\/www.costabravafoods.com\/fr\/wp-json\/wp\/v2\/media\/18595"}],"wp:attachment":[{"href":"https:\/\/www.costabravafoods.com\/fr\/wp-json\/wp\/v2\/media?parent=32223"}],"wp:term":[{"taxonomy":"product_brand","embeddable":true,"href":"https:\/\/www.costabravafoods.com\/fr\/wp-json\/wp\/v2\/product_brand?post=32223"},{"taxonomy":"product_cat","embeddable":true,"href":"https:\/\/www.costabravafoods.com\/fr\/wp-json\/wp\/v2\/product_cat?post=32223"},{"taxonomy":"product_tag","embeddable":true,"href":"https:\/\/www.costabravafoods.com\/fr\/wp-json\/wp\/v2\/product_tag?post=32223"},{"taxonomy":"corte_cerdo","embeddable":true,"href":"https:\/\/www.costabravafoods.com\/fr\/wp-json\/wp\/v2\/corte_cerdo?post=32223"},{"taxonomy":"corte_vacuno","embeddable":true,"href":"https:\/\/www.costabravafoods.com\/fr\/wp-json\/wp\/v2\/corte_vacuno?post=32223"},{"taxonomy":"fresh_retail","embeddable":true,"href":"https:\/\/www.costabravafoods.com\/fr\/wp-json\/wp\/v2\/fresh_retail?post=32223"},{"taxonomy":"conservacion","embeddable":true,"href":"https:\/\/www.costabravafoods.com\/fr\/wp-json\/wp\/v2\/conservacion?post=32223"},{"taxonomy":"envase","embeddable":true,"href":"https:\/\/www.costabravafoods.com\/fr\/wp-json\/wp\/v2\/envase?post=32223"},{"taxonomy":"tipo_corte","embeddable":true,"href":"https:\/\/www.costabravafoods.com\/fr\/wp-json\/wp\/v2\/tipo_corte?post=32223"}],"curies":[{"name":"wp","href":"https:\/\/api.w.org\/{rel}","templated":true}]}}