

{"id":32225,"date":"2025-07-18T12:03:19","date_gmt":"2025-07-18T10:03:19","guid":{"rendered":"https:\/\/www.costabravafoods.com\/producto\/jambon-avec-support-et-couteau\/"},"modified":"2025-09-30T18:52:57","modified_gmt":"2025-09-30T16:52:57","slug":"jambon-avec-support-et-couteau","status":"publish","type":"product","link":"https:\/\/www.costabravafoods.com\/fr\/produit\/jambon-avec-support-et-couteau\/","title":{"rendered":"Jambon avec support et couteau"},"content":{"rendered":"<p>Jambon Costa Brava Mediterranean Foods avec support et couteau, un v\u00e9ritable joyau gastronomique qui d\u00e9note la richesse des saveurs espagnoles. Son affinage m\u00e9ticuleux lui procure un profil de saveur profond. Support et couteau offerts.<\/p>\n","protected":false},"excerpt":{"rendered":"<p>Jambon avec support et couteau, saveur douce, recette traditionnelle<\/p>\n","protected":false},"featured_media":18611,"template":"","meta":[],"product_brand":[],"product_cat":[363,354],"product_tag":[],"corte_cerdo":[],"corte_vacuno":[],"fresh_retail":[646],"conservacion":[356],"envase":[344],"tipo_corte":[656],"class_list":{"0":"post-32225","1":"product","2":"type-product","3":"status-publish","4":"has-post-thumbnail","6":"product_cat-jambonserrano","7":"product_cat-tradition-fr","8":"fresh_retail-porc-fr","9":"conservacion-temperature-ambiante","10":"envase-sous-vide","11":"tipo_corte-piece-fr","13":"first","14":"instock","15":"product-type-simple"},"yoast_head":"<!-- This site is optimized with the Yoast SEO plugin v27.2 - https:\/\/yoast.com\/product\/yoast-seo-wordpress\/ -->\n<title>Jambon avec support et couteau<\/title>\n<meta name=\"description\" content=\"Jambon avec support et couteau, saveur douce, recette traditionnelle\" \/>\n<meta name=\"robots\" content=\"index, follow, max-snippet:-1, max-image-preview:large, max-video-preview:-1\" \/>\n<link rel=\"canonical\" href=\"https:\/\/www.costabravafoods.com\/fr\/produit\/jambon-avec-support-et-couteau\/\" \/>\n<meta property=\"og:locale\" content=\"fr_FR\" \/>\n<meta property=\"og:type\" content=\"article\" \/>\n<meta property=\"og:title\" content=\"Jambon avec support et couteau\" \/>\n<meta property=\"og:description\" content=\"Jambon avec support et couteau, saveur douce, recette traditionnelle\" \/>\n<meta property=\"og:url\" content=\"https:\/\/www.costabravafoods.com\/fr\/produit\/jambon-avec-support-et-couteau\/\" \/>\n<meta property=\"og:site_name\" content=\"Costa Brava Foods\" \/>\n<meta property=\"article:modified_time\" content=\"2025-09-30T16:52:57+00:00\" \/>\n<meta property=\"og:image\" content=\"https:\/\/www.costabravafoods.com\/wp-content\/uploads\/2025\/07\/jamon-con-regalo-serrrano-ham-leg-with-gift.jpg\" \/>\n\t<meta property=\"og:image:width\" content=\"1000\" \/>\n\t<meta property=\"og:image:height\" content=\"1000\" \/>\n\t<meta property=\"og:image:type\" content=\"image\/jpeg\" \/>\n<meta name=\"twitter:card\" content=\"summary_large_image\" \/>\n<script type=\"application\/ld+json\" class=\"yoast-schema-graph\">{\"@context\":\"https:\/\/schema.org\",\"@graph\":[{\"@type\":\"WebPage\",\"@id\":\"https:\/\/www.costabravafoods.com\/fr\/produit\/jambon-avec-support-et-couteau\/\",\"url\":\"https:\/\/www.costabravafoods.com\/fr\/produit\/jambon-avec-support-et-couteau\/\",\"name\":\"Jambon avec support et couteau\",\"isPartOf\":{\"@id\":\"https:\/\/www.costabravafoods.com\/#website\"},\"primaryImageOfPage\":{\"@id\":\"https:\/\/www.costabravafoods.com\/fr\/produit\/jambon-avec-support-et-couteau\/#primaryimage\"},\"image\":{\"@id\":\"https:\/\/www.costabravafoods.com\/fr\/produit\/jambon-avec-support-et-couteau\/#primaryimage\"},\"thumbnailUrl\":\"https:\/\/www.costabravafoods.com\/wp-content\/uploads\/2025\/07\/jamon-con-regalo-serrrano-ham-leg-with-gift.jpg\",\"datePublished\":\"2025-07-18T10:03:19+00:00\",\"dateModified\":\"2025-09-30T16:52:57+00:00\",\"description\":\"Jambon avec support et couteau, saveur douce, recette traditionnelle\",\"breadcrumb\":{\"@id\":\"https:\/\/www.costabravafoods.com\/fr\/produit\/jambon-avec-support-et-couteau\/#breadcrumb\"},\"inLanguage\":\"fr-FR\",\"potentialAction\":[{\"@type\":\"ReadAction\",\"target\":[\"https:\/\/www.costabravafoods.com\/fr\/produit\/jambon-avec-support-et-couteau\/\"]}]},{\"@type\":\"ImageObject\",\"inLanguage\":\"fr-FR\",\"@id\":\"https:\/\/www.costabravafoods.com\/fr\/produit\/jambon-avec-support-et-couteau\/#primaryimage\",\"url\":\"https:\/\/www.costabravafoods.com\/wp-content\/uploads\/2025\/07\/jamon-con-regalo-serrrano-ham-leg-with-gift.jpg\",\"contentUrl\":\"https:\/\/www.costabravafoods.com\/wp-content\/uploads\/2025\/07\/jamon-con-regalo-serrrano-ham-leg-with-gift.jpg\",\"width\":1000,\"height\":1000,\"caption\":\"Jambon avec support et couteau\"},{\"@type\":\"BreadcrumbList\",\"@id\":\"https:\/\/www.costabravafoods.com\/fr\/produit\/jambon-avec-support-et-couteau\/#breadcrumb\",\"itemListElement\":[{\"@type\":\"ListItem\",\"position\":1,\"name\":\"Portada\",\"item\":\"https:\/\/www.costabravafoods.com\/fr\/\"},{\"@type\":\"ListItem\",\"position\":2,\"name\":\"Produits\",\"item\":\"https:\/\/www.costabravafoods.com\/productos\/\"},{\"@type\":\"ListItem\",\"position\":3,\"name\":\"Jambon avec support et couteau\"}]},{\"@type\":\"WebSite\",\"@id\":\"https:\/\/www.costabravafoods.com\/#website\",\"url\":\"https:\/\/www.costabravafoods.com\/\",\"name\":\"Costa Brava Foods\",\"description\":\"\",\"potentialAction\":[{\"@type\":\"SearchAction\",\"target\":{\"@type\":\"EntryPoint\",\"urlTemplate\":\"https:\/\/www.costabravafoods.com\/?s={search_term_string}\"},\"query-input\":{\"@type\":\"PropertyValueSpecification\",\"valueRequired\":true,\"valueName\":\"search_term_string\"}}],\"inLanguage\":\"fr-FR\"}]}<\/script>\n<!-- \/ Yoast SEO plugin. -->","yoast_head_json":{"title":"Jambon avec support et couteau","description":"Jambon avec support et couteau, saveur douce, recette traditionnelle","robots":{"index":"index","follow":"follow","max-snippet":"max-snippet:-1","max-image-preview":"max-image-preview:large","max-video-preview":"max-video-preview:-1"},"canonical":"https:\/\/www.costabravafoods.com\/fr\/produit\/jambon-avec-support-et-couteau\/","og_locale":"fr_FR","og_type":"article","og_title":"Jambon avec support et couteau","og_description":"Jambon avec support et couteau, saveur douce, recette traditionnelle","og_url":"https:\/\/www.costabravafoods.com\/fr\/produit\/jambon-avec-support-et-couteau\/","og_site_name":"Costa Brava Foods","article_modified_time":"2025-09-30T16:52:57+00:00","og_image":[{"width":1000,"height":1000,"url":"https:\/\/www.costabravafoods.com\/wp-content\/uploads\/2025\/07\/jamon-con-regalo-serrrano-ham-leg-with-gift.jpg","type":"image\/jpeg"}],"twitter_card":"summary_large_image","schema":{"@context":"https:\/\/schema.org","@graph":[{"@type":"WebPage","@id":"https:\/\/www.costabravafoods.com\/fr\/produit\/jambon-avec-support-et-couteau\/","url":"https:\/\/www.costabravafoods.com\/fr\/produit\/jambon-avec-support-et-couteau\/","name":"Jambon avec support et couteau","isPartOf":{"@id":"https:\/\/www.costabravafoods.com\/#website"},"primaryImageOfPage":{"@id":"https:\/\/www.costabravafoods.com\/fr\/produit\/jambon-avec-support-et-couteau\/#primaryimage"},"image":{"@id":"https:\/\/www.costabravafoods.com\/fr\/produit\/jambon-avec-support-et-couteau\/#primaryimage"},"thumbnailUrl":"https:\/\/www.costabravafoods.com\/wp-content\/uploads\/2025\/07\/jamon-con-regalo-serrrano-ham-leg-with-gift.jpg","datePublished":"2025-07-18T10:03:19+00:00","dateModified":"2025-09-30T16:52:57+00:00","description":"Jambon avec support et couteau, saveur douce, recette traditionnelle","breadcrumb":{"@id":"https:\/\/www.costabravafoods.com\/fr\/produit\/jambon-avec-support-et-couteau\/#breadcrumb"},"inLanguage":"fr-FR","potentialAction":[{"@type":"ReadAction","target":["https:\/\/www.costabravafoods.com\/fr\/produit\/jambon-avec-support-et-couteau\/"]}]},{"@type":"ImageObject","inLanguage":"fr-FR","@id":"https:\/\/www.costabravafoods.com\/fr\/produit\/jambon-avec-support-et-couteau\/#primaryimage","url":"https:\/\/www.costabravafoods.com\/wp-content\/uploads\/2025\/07\/jamon-con-regalo-serrrano-ham-leg-with-gift.jpg","contentUrl":"https:\/\/www.costabravafoods.com\/wp-content\/uploads\/2025\/07\/jamon-con-regalo-serrrano-ham-leg-with-gift.jpg","width":1000,"height":1000,"caption":"Jambon avec support et couteau"},{"@type":"BreadcrumbList","@id":"https:\/\/www.costabravafoods.com\/fr\/produit\/jambon-avec-support-et-couteau\/#breadcrumb","itemListElement":[{"@type":"ListItem","position":1,"name":"Portada","item":"https:\/\/www.costabravafoods.com\/fr\/"},{"@type":"ListItem","position":2,"name":"Produits","item":"https:\/\/www.costabravafoods.com\/productos\/"},{"@type":"ListItem","position":3,"name":"Jambon avec support et couteau"}]},{"@type":"WebSite","@id":"https:\/\/www.costabravafoods.com\/#website","url":"https:\/\/www.costabravafoods.com\/","name":"Costa Brava Foods","description":"","potentialAction":[{"@type":"SearchAction","target":{"@type":"EntryPoint","urlTemplate":"https:\/\/www.costabravafoods.com\/?s={search_term_string}"},"query-input":{"@type":"PropertyValueSpecification","valueRequired":true,"valueName":"search_term_string"}}],"inLanguage":"fr-FR"}]}},"_links":{"self":[{"href":"https:\/\/www.costabravafoods.com\/fr\/wp-json\/wp\/v2\/product\/32225","targetHints":{"allow":["GET"]}}],"collection":[{"href":"https:\/\/www.costabravafoods.com\/fr\/wp-json\/wp\/v2\/product"}],"about":[{"href":"https:\/\/www.costabravafoods.com\/fr\/wp-json\/wp\/v2\/types\/product"}],"wp:featuredmedia":[{"embeddable":true,"href":"https:\/\/www.costabravafoods.com\/fr\/wp-json\/wp\/v2\/media\/18611"}],"wp:attachment":[{"href":"https:\/\/www.costabravafoods.com\/fr\/wp-json\/wp\/v2\/media?parent=32225"}],"wp:term":[{"taxonomy":"product_brand","embeddable":true,"href":"https:\/\/www.costabravafoods.com\/fr\/wp-json\/wp\/v2\/product_brand?post=32225"},{"taxonomy":"product_cat","embeddable":true,"href":"https:\/\/www.costabravafoods.com\/fr\/wp-json\/wp\/v2\/product_cat?post=32225"},{"taxonomy":"product_tag","embeddable":true,"href":"https:\/\/www.costabravafoods.com\/fr\/wp-json\/wp\/v2\/product_tag?post=32225"},{"taxonomy":"corte_cerdo","embeddable":true,"href":"https:\/\/www.costabravafoods.com\/fr\/wp-json\/wp\/v2\/corte_cerdo?post=32225"},{"taxonomy":"corte_vacuno","embeddable":true,"href":"https:\/\/www.costabravafoods.com\/fr\/wp-json\/wp\/v2\/corte_vacuno?post=32225"},{"taxonomy":"fresh_retail","embeddable":true,"href":"https:\/\/www.costabravafoods.com\/fr\/wp-json\/wp\/v2\/fresh_retail?post=32225"},{"taxonomy":"conservacion","embeddable":true,"href":"https:\/\/www.costabravafoods.com\/fr\/wp-json\/wp\/v2\/conservacion?post=32225"},{"taxonomy":"envase","embeddable":true,"href":"https:\/\/www.costabravafoods.com\/fr\/wp-json\/wp\/v2\/envase?post=32225"},{"taxonomy":"tipo_corte","embeddable":true,"href":"https:\/\/www.costabravafoods.com\/fr\/wp-json\/wp\/v2\/tipo_corte?post=32225"}],"curies":[{"name":"wp","href":"https:\/\/api.w.org\/{rel}","templated":true}]}}