

{"id":32230,"date":"2025-07-18T12:03:19","date_gmt":"2025-07-18T10:03:19","guid":{"rendered":"https:\/\/www.costabravafoods.com\/producto\/grattons\/"},"modified":"2025-09-30T18:53:02","modified_gmt":"2025-09-30T16:53:02","slug":"grattons","status":"publish","type":"product","link":"https:\/\/www.costabravafoods.com\/fr\/produit\/grattons\/","title":{"rendered":"Grattons"},"content":{"rendered":"<p>Les grattons de Costa Brava Mediterranean Foods sont un d\u00e9licieux en-cas \u00e9labor\u00e9 avec de la graisse de porc de haute qualit\u00e9, croustillant et d\u00e9licieusement sal\u00e9 et poivr\u00e9. \u00c0 savourer \u00e0 tout moment, ce produit allie tradition et qualit\u00e9 \u00e0 chaque bouch\u00e9e.<\/p>\n","protected":false},"excerpt":{"rendered":"<p>Grattons, d\u00e9licieux en-cas \u00e9labor\u00e9 avec de la graisse de porc de haute qualit\u00e9, croustillant et d\u00e9licieusement sal\u00e9 et poivr\u00e9.<\/p>\n","protected":false},"featured_media":19408,"template":"","meta":[],"product_brand":[],"product_cat":[333,329],"product_tag":[],"corte_cerdo":[],"corte_vacuno":[],"fresh_retail":[646],"conservacion":[],"envase":[],"tipo_corte":[],"class_list":{"0":"post-32230","1":"product","2":"type-product","3":"status-publish","4":"has-post-thumbnail","6":"product_cat-autres","7":"product_cat-delicious-fr","8":"fresh_retail-porc-fr","10":"first","11":"instock","12":"product-type-simple"},"yoast_head":"<!-- This site is optimized with the Yoast SEO plugin v27.2 - https:\/\/yoast.com\/product\/yoast-seo-wordpress\/ -->\n<title>Grattons<\/title>\n<meta name=\"description\" content=\"Grattons, d\u00e9licieux en-cas \u00e9labor\u00e9 avec de la graisse de porc de haute qualit\u00e9, croustillant et d\u00e9licieusement sal\u00e9 et poivr\u00e9.\" \/>\n<meta name=\"robots\" content=\"index, follow, max-snippet:-1, max-image-preview:large, max-video-preview:-1\" \/>\n<link rel=\"canonical\" href=\"https:\/\/www.costabravafoods.com\/fr\/produit\/grattons\/\" \/>\n<meta property=\"og:locale\" content=\"fr_FR\" \/>\n<meta property=\"og:type\" content=\"article\" \/>\n<meta property=\"og:title\" content=\"Grattons\" \/>\n<meta property=\"og:description\" content=\"Grattons, d\u00e9licieux en-cas \u00e9labor\u00e9 avec de la graisse de porc de haute qualit\u00e9, croustillant et d\u00e9licieusement sal\u00e9 et poivr\u00e9.\" \/>\n<meta property=\"og:url\" content=\"https:\/\/www.costabravafoods.com\/fr\/produit\/grattons\/\" \/>\n<meta property=\"og:site_name\" content=\"Costa Brava Foods\" \/>\n<meta property=\"article:modified_time\" content=\"2025-09-30T16:53:02+00:00\" \/>\n<meta property=\"og:image\" content=\"https:\/\/www.costabravafoods.com\/wp-content\/uploads\/2025\/07\/chicharrones-cerdo-pork-cracklings.jpg\" \/>\n\t<meta property=\"og:image:width\" content=\"1000\" \/>\n\t<meta property=\"og:image:height\" content=\"1000\" \/>\n\t<meta property=\"og:image:type\" content=\"image\/jpeg\" \/>\n<meta name=\"twitter:card\" content=\"summary_large_image\" \/>\n<script type=\"application\/ld+json\" class=\"yoast-schema-graph\">{\"@context\":\"https:\/\/schema.org\",\"@graph\":[{\"@type\":\"WebPage\",\"@id\":\"https:\/\/www.costabravafoods.com\/fr\/produit\/grattons\/\",\"url\":\"https:\/\/www.costabravafoods.com\/fr\/produit\/grattons\/\",\"name\":\"Grattons\",\"isPartOf\":{\"@id\":\"https:\/\/www.costabravafoods.com\/#website\"},\"primaryImageOfPage\":{\"@id\":\"https:\/\/www.costabravafoods.com\/fr\/produit\/grattons\/#primaryimage\"},\"image\":{\"@id\":\"https:\/\/www.costabravafoods.com\/fr\/produit\/grattons\/#primaryimage\"},\"thumbnailUrl\":\"https:\/\/www.costabravafoods.com\/wp-content\/uploads\/2025\/07\/chicharrones-cerdo-pork-cracklings.jpg\",\"datePublished\":\"2025-07-18T10:03:19+00:00\",\"dateModified\":\"2025-09-30T16:53:02+00:00\",\"description\":\"Grattons, d\u00e9licieux en-cas \u00e9labor\u00e9 avec de la graisse de porc de haute qualit\u00e9, croustillant et d\u00e9licieusement sal\u00e9 et poivr\u00e9.\",\"breadcrumb\":{\"@id\":\"https:\/\/www.costabravafoods.com\/fr\/produit\/grattons\/#breadcrumb\"},\"inLanguage\":\"fr-FR\",\"potentialAction\":[{\"@type\":\"ReadAction\",\"target\":[\"https:\/\/www.costabravafoods.com\/fr\/produit\/grattons\/\"]}]},{\"@type\":\"ImageObject\",\"inLanguage\":\"fr-FR\",\"@id\":\"https:\/\/www.costabravafoods.com\/fr\/produit\/grattons\/#primaryimage\",\"url\":\"https:\/\/www.costabravafoods.com\/wp-content\/uploads\/2025\/07\/chicharrones-cerdo-pork-cracklings.jpg\",\"contentUrl\":\"https:\/\/www.costabravafoods.com\/wp-content\/uploads\/2025\/07\/chicharrones-cerdo-pork-cracklings.jpg\",\"width\":1000,\"height\":1000,\"caption\":\"Grattons\"},{\"@type\":\"BreadcrumbList\",\"@id\":\"https:\/\/www.costabravafoods.com\/fr\/produit\/grattons\/#breadcrumb\",\"itemListElement\":[{\"@type\":\"ListItem\",\"position\":1,\"name\":\"Portada\",\"item\":\"https:\/\/www.costabravafoods.com\/fr\/\"},{\"@type\":\"ListItem\",\"position\":2,\"name\":\"Produits\",\"item\":\"https:\/\/www.costabravafoods.com\/productos\/\"},{\"@type\":\"ListItem\",\"position\":3,\"name\":\"Grattons\"}]},{\"@type\":\"WebSite\",\"@id\":\"https:\/\/www.costabravafoods.com\/#website\",\"url\":\"https:\/\/www.costabravafoods.com\/\",\"name\":\"Costa Brava Foods\",\"description\":\"\",\"potentialAction\":[{\"@type\":\"SearchAction\",\"target\":{\"@type\":\"EntryPoint\",\"urlTemplate\":\"https:\/\/www.costabravafoods.com\/?s={search_term_string}\"},\"query-input\":{\"@type\":\"PropertyValueSpecification\",\"valueRequired\":true,\"valueName\":\"search_term_string\"}}],\"inLanguage\":\"fr-FR\"}]}<\/script>\n<!-- \/ Yoast SEO plugin. -->","yoast_head_json":{"title":"Grattons","description":"Grattons, d\u00e9licieux en-cas \u00e9labor\u00e9 avec de la graisse de porc de haute qualit\u00e9, croustillant et d\u00e9licieusement sal\u00e9 et poivr\u00e9.","robots":{"index":"index","follow":"follow","max-snippet":"max-snippet:-1","max-image-preview":"max-image-preview:large","max-video-preview":"max-video-preview:-1"},"canonical":"https:\/\/www.costabravafoods.com\/fr\/produit\/grattons\/","og_locale":"fr_FR","og_type":"article","og_title":"Grattons","og_description":"Grattons, d\u00e9licieux en-cas \u00e9labor\u00e9 avec de la graisse de porc de haute qualit\u00e9, croustillant et d\u00e9licieusement sal\u00e9 et poivr\u00e9.","og_url":"https:\/\/www.costabravafoods.com\/fr\/produit\/grattons\/","og_site_name":"Costa Brava Foods","article_modified_time":"2025-09-30T16:53:02+00:00","og_image":[{"width":1000,"height":1000,"url":"https:\/\/www.costabravafoods.com\/wp-content\/uploads\/2025\/07\/chicharrones-cerdo-pork-cracklings.jpg","type":"image\/jpeg"}],"twitter_card":"summary_large_image","schema":{"@context":"https:\/\/schema.org","@graph":[{"@type":"WebPage","@id":"https:\/\/www.costabravafoods.com\/fr\/produit\/grattons\/","url":"https:\/\/www.costabravafoods.com\/fr\/produit\/grattons\/","name":"Grattons","isPartOf":{"@id":"https:\/\/www.costabravafoods.com\/#website"},"primaryImageOfPage":{"@id":"https:\/\/www.costabravafoods.com\/fr\/produit\/grattons\/#primaryimage"},"image":{"@id":"https:\/\/www.costabravafoods.com\/fr\/produit\/grattons\/#primaryimage"},"thumbnailUrl":"https:\/\/www.costabravafoods.com\/wp-content\/uploads\/2025\/07\/chicharrones-cerdo-pork-cracklings.jpg","datePublished":"2025-07-18T10:03:19+00:00","dateModified":"2025-09-30T16:53:02+00:00","description":"Grattons, d\u00e9licieux en-cas \u00e9labor\u00e9 avec de la graisse de porc de haute qualit\u00e9, croustillant et d\u00e9licieusement sal\u00e9 et poivr\u00e9.","breadcrumb":{"@id":"https:\/\/www.costabravafoods.com\/fr\/produit\/grattons\/#breadcrumb"},"inLanguage":"fr-FR","potentialAction":[{"@type":"ReadAction","target":["https:\/\/www.costabravafoods.com\/fr\/produit\/grattons\/"]}]},{"@type":"ImageObject","inLanguage":"fr-FR","@id":"https:\/\/www.costabravafoods.com\/fr\/produit\/grattons\/#primaryimage","url":"https:\/\/www.costabravafoods.com\/wp-content\/uploads\/2025\/07\/chicharrones-cerdo-pork-cracklings.jpg","contentUrl":"https:\/\/www.costabravafoods.com\/wp-content\/uploads\/2025\/07\/chicharrones-cerdo-pork-cracklings.jpg","width":1000,"height":1000,"caption":"Grattons"},{"@type":"BreadcrumbList","@id":"https:\/\/www.costabravafoods.com\/fr\/produit\/grattons\/#breadcrumb","itemListElement":[{"@type":"ListItem","position":1,"name":"Portada","item":"https:\/\/www.costabravafoods.com\/fr\/"},{"@type":"ListItem","position":2,"name":"Produits","item":"https:\/\/www.costabravafoods.com\/productos\/"},{"@type":"ListItem","position":3,"name":"Grattons"}]},{"@type":"WebSite","@id":"https:\/\/www.costabravafoods.com\/#website","url":"https:\/\/www.costabravafoods.com\/","name":"Costa Brava Foods","description":"","potentialAction":[{"@type":"SearchAction","target":{"@type":"EntryPoint","urlTemplate":"https:\/\/www.costabravafoods.com\/?s={search_term_string}"},"query-input":{"@type":"PropertyValueSpecification","valueRequired":true,"valueName":"search_term_string"}}],"inLanguage":"fr-FR"}]}},"_links":{"self":[{"href":"https:\/\/www.costabravafoods.com\/fr\/wp-json\/wp\/v2\/product\/32230","targetHints":{"allow":["GET"]}}],"collection":[{"href":"https:\/\/www.costabravafoods.com\/fr\/wp-json\/wp\/v2\/product"}],"about":[{"href":"https:\/\/www.costabravafoods.com\/fr\/wp-json\/wp\/v2\/types\/product"}],"wp:featuredmedia":[{"embeddable":true,"href":"https:\/\/www.costabravafoods.com\/fr\/wp-json\/wp\/v2\/media\/19408"}],"wp:attachment":[{"href":"https:\/\/www.costabravafoods.com\/fr\/wp-json\/wp\/v2\/media?parent=32230"}],"wp:term":[{"taxonomy":"product_brand","embeddable":true,"href":"https:\/\/www.costabravafoods.com\/fr\/wp-json\/wp\/v2\/product_brand?post=32230"},{"taxonomy":"product_cat","embeddable":true,"href":"https:\/\/www.costabravafoods.com\/fr\/wp-json\/wp\/v2\/product_cat?post=32230"},{"taxonomy":"product_tag","embeddable":true,"href":"https:\/\/www.costabravafoods.com\/fr\/wp-json\/wp\/v2\/product_tag?post=32230"},{"taxonomy":"corte_cerdo","embeddable":true,"href":"https:\/\/www.costabravafoods.com\/fr\/wp-json\/wp\/v2\/corte_cerdo?post=32230"},{"taxonomy":"corte_vacuno","embeddable":true,"href":"https:\/\/www.costabravafoods.com\/fr\/wp-json\/wp\/v2\/corte_vacuno?post=32230"},{"taxonomy":"fresh_retail","embeddable":true,"href":"https:\/\/www.costabravafoods.com\/fr\/wp-json\/wp\/v2\/fresh_retail?post=32230"},{"taxonomy":"conservacion","embeddable":true,"href":"https:\/\/www.costabravafoods.com\/fr\/wp-json\/wp\/v2\/conservacion?post=32230"},{"taxonomy":"envase","embeddable":true,"href":"https:\/\/www.costabravafoods.com\/fr\/wp-json\/wp\/v2\/envase?post=32230"},{"taxonomy":"tipo_corte","embeddable":true,"href":"https:\/\/www.costabravafoods.com\/fr\/wp-json\/wp\/v2\/tipo_corte?post=32230"}],"curies":[{"name":"wp","href":"https:\/\/api.w.org\/{rel}","templated":true}]}}