

{"id":32231,"date":"2025-07-18T12:03:19","date_gmt":"2025-07-18T10:03:19","guid":{"rendered":"https:\/\/www.costabravafoods.com\/producto\/longe-entiere-marinee\/"},"modified":"2025-09-30T18:53:03","modified_gmt":"2025-09-30T16:53:03","slug":"longe-entiere-marinee","status":"publish","type":"product","link":"https:\/\/www.costabravafoods.com\/fr\/produit\/longe-entiere-marinee\/","title":{"rendered":"Longe enti\u00e8re marin\u00e9e"},"content":{"rendered":"<p>La longe marin\u00e9e au paprika Costa Brava Mediterranean Foods est un v\u00e9ritable best-seller. Produit polyvalent, juteux et tendre, il est parfait pour une cuisson au gril ou \u00e0 la po\u00eale, ou pour un buffet, car il reste tendre pendant plusieurs heures et sa cuisson est simple et rapide.<\/p>\n","protected":false},"excerpt":{"rendered":"<p>Longe de porc marin\u00e9e au paprika, produit polyvalent, tendre et juteux, parfait pour une cuisson au gril ou \u00e0 la po\u00eale, ou pour un buffet<\/p>\n","protected":false},"featured_media":19429,"template":"","meta":[],"product_brand":[],"product_cat":[329,332],"product_tag":[],"corte_cerdo":[],"corte_vacuno":[],"fresh_retail":[646],"conservacion":[],"envase":[],"tipo_corte":[],"class_list":{"0":"post-32231","1":"product","2":"type-product","3":"status-publish","4":"has-post-thumbnail","6":"product_cat-delicious-fr","7":"product_cat-marines","8":"fresh_retail-porc-fr","10":"first","11":"instock","12":"product-type-simple"},"yoast_head":"<!-- This site is optimized with the Yoast SEO plugin v27.2 - https:\/\/yoast.com\/product\/yoast-seo-wordpress\/ -->\n<title>Longe enti\u00e8re marin\u00e9e<\/title>\n<meta name=\"description\" content=\"Longe de porc marin\u00e9e au paprika, produit polyvalent, tendre et juteux, parfait pour une cuisson au gril ou \u00e0 la po\u00eale, ou pour un buffet\" \/>\n<meta name=\"robots\" content=\"index, follow, max-snippet:-1, max-image-preview:large, max-video-preview:-1\" \/>\n<link rel=\"canonical\" href=\"https:\/\/www.costabravafoods.com\/fr\/produit\/longe-entiere-marinee\/\" \/>\n<meta property=\"og:locale\" content=\"fr_FR\" \/>\n<meta property=\"og:type\" content=\"article\" \/>\n<meta property=\"og:title\" content=\"Longe enti\u00e8re marin\u00e9e\" \/>\n<meta property=\"og:description\" content=\"Longe de porc marin\u00e9e au paprika, produit polyvalent, tendre et juteux, parfait pour une cuisson au gril ou \u00e0 la po\u00eale, ou pour un buffet\" \/>\n<meta property=\"og:url\" content=\"https:\/\/www.costabravafoods.com\/fr\/produit\/longe-entiere-marinee\/\" \/>\n<meta property=\"og:site_name\" content=\"Costa Brava Foods\" \/>\n<meta property=\"article:modified_time\" content=\"2025-09-30T16:53:03+00:00\" \/>\n<meta property=\"og:image\" content=\"https:\/\/www.costabravafoods.com\/wp-content\/uploads\/2025\/07\/lomo-entero-adobado-marinated-pork-loin.jpg\" \/>\n\t<meta property=\"og:image:width\" content=\"1000\" \/>\n\t<meta property=\"og:image:height\" content=\"1000\" \/>\n\t<meta property=\"og:image:type\" content=\"image\/jpeg\" \/>\n<meta name=\"twitter:card\" content=\"summary_large_image\" \/>\n<script type=\"application\/ld+json\" class=\"yoast-schema-graph\">{\"@context\":\"https:\/\/schema.org\",\"@graph\":[{\"@type\":\"WebPage\",\"@id\":\"https:\/\/www.costabravafoods.com\/fr\/produit\/longe-entiere-marinee\/\",\"url\":\"https:\/\/www.costabravafoods.com\/fr\/produit\/longe-entiere-marinee\/\",\"name\":\"Longe enti\u00e8re marin\u00e9e\",\"isPartOf\":{\"@id\":\"https:\/\/www.costabravafoods.com\/#website\"},\"primaryImageOfPage\":{\"@id\":\"https:\/\/www.costabravafoods.com\/fr\/produit\/longe-entiere-marinee\/#primaryimage\"},\"image\":{\"@id\":\"https:\/\/www.costabravafoods.com\/fr\/produit\/longe-entiere-marinee\/#primaryimage\"},\"thumbnailUrl\":\"https:\/\/www.costabravafoods.com\/wp-content\/uploads\/2025\/07\/lomo-entero-adobado-marinated-pork-loin.jpg\",\"datePublished\":\"2025-07-18T10:03:19+00:00\",\"dateModified\":\"2025-09-30T16:53:03+00:00\",\"description\":\"Longe de porc marin\u00e9e au paprika, produit polyvalent, tendre et juteux, parfait pour une cuisson au gril ou \u00e0 la po\u00eale, ou pour un buffet\",\"breadcrumb\":{\"@id\":\"https:\/\/www.costabravafoods.com\/fr\/produit\/longe-entiere-marinee\/#breadcrumb\"},\"inLanguage\":\"fr-FR\",\"potentialAction\":[{\"@type\":\"ReadAction\",\"target\":[\"https:\/\/www.costabravafoods.com\/fr\/produit\/longe-entiere-marinee\/\"]}]},{\"@type\":\"ImageObject\",\"inLanguage\":\"fr-FR\",\"@id\":\"https:\/\/www.costabravafoods.com\/fr\/produit\/longe-entiere-marinee\/#primaryimage\",\"url\":\"https:\/\/www.costabravafoods.com\/wp-content\/uploads\/2025\/07\/lomo-entero-adobado-marinated-pork-loin.jpg\",\"contentUrl\":\"https:\/\/www.costabravafoods.com\/wp-content\/uploads\/2025\/07\/lomo-entero-adobado-marinated-pork-loin.jpg\",\"width\":1000,\"height\":1000,\"caption\":\"Lomo adobado al piment\u00f3n rojo, producto vers\u00e1til, jugoso y tierno, perfecto para grill, plancha o buffets\"},{\"@type\":\"BreadcrumbList\",\"@id\":\"https:\/\/www.costabravafoods.com\/fr\/produit\/longe-entiere-marinee\/#breadcrumb\",\"itemListElement\":[{\"@type\":\"ListItem\",\"position\":1,\"name\":\"Portada\",\"item\":\"https:\/\/www.costabravafoods.com\/fr\/\"},{\"@type\":\"ListItem\",\"position\":2,\"name\":\"Produits\",\"item\":\"https:\/\/www.costabravafoods.com\/productos\/\"},{\"@type\":\"ListItem\",\"position\":3,\"name\":\"Longe enti\u00e8re marin\u00e9e\"}]},{\"@type\":\"WebSite\",\"@id\":\"https:\/\/www.costabravafoods.com\/#website\",\"url\":\"https:\/\/www.costabravafoods.com\/\",\"name\":\"Costa Brava Foods\",\"description\":\"\",\"potentialAction\":[{\"@type\":\"SearchAction\",\"target\":{\"@type\":\"EntryPoint\",\"urlTemplate\":\"https:\/\/www.costabravafoods.com\/?s={search_term_string}\"},\"query-input\":{\"@type\":\"PropertyValueSpecification\",\"valueRequired\":true,\"valueName\":\"search_term_string\"}}],\"inLanguage\":\"fr-FR\"}]}<\/script>\n<!-- \/ Yoast SEO plugin. -->","yoast_head_json":{"title":"Longe enti\u00e8re marin\u00e9e","description":"Longe de porc marin\u00e9e au paprika, produit polyvalent, tendre et juteux, parfait pour une cuisson au gril ou \u00e0 la po\u00eale, ou pour un buffet","robots":{"index":"index","follow":"follow","max-snippet":"max-snippet:-1","max-image-preview":"max-image-preview:large","max-video-preview":"max-video-preview:-1"},"canonical":"https:\/\/www.costabravafoods.com\/fr\/produit\/longe-entiere-marinee\/","og_locale":"fr_FR","og_type":"article","og_title":"Longe enti\u00e8re marin\u00e9e","og_description":"Longe de porc marin\u00e9e au paprika, produit polyvalent, tendre et juteux, parfait pour une cuisson au gril ou \u00e0 la po\u00eale, ou pour un buffet","og_url":"https:\/\/www.costabravafoods.com\/fr\/produit\/longe-entiere-marinee\/","og_site_name":"Costa Brava Foods","article_modified_time":"2025-09-30T16:53:03+00:00","og_image":[{"width":1000,"height":1000,"url":"https:\/\/www.costabravafoods.com\/wp-content\/uploads\/2025\/07\/lomo-entero-adobado-marinated-pork-loin.jpg","type":"image\/jpeg"}],"twitter_card":"summary_large_image","schema":{"@context":"https:\/\/schema.org","@graph":[{"@type":"WebPage","@id":"https:\/\/www.costabravafoods.com\/fr\/produit\/longe-entiere-marinee\/","url":"https:\/\/www.costabravafoods.com\/fr\/produit\/longe-entiere-marinee\/","name":"Longe enti\u00e8re marin\u00e9e","isPartOf":{"@id":"https:\/\/www.costabravafoods.com\/#website"},"primaryImageOfPage":{"@id":"https:\/\/www.costabravafoods.com\/fr\/produit\/longe-entiere-marinee\/#primaryimage"},"image":{"@id":"https:\/\/www.costabravafoods.com\/fr\/produit\/longe-entiere-marinee\/#primaryimage"},"thumbnailUrl":"https:\/\/www.costabravafoods.com\/wp-content\/uploads\/2025\/07\/lomo-entero-adobado-marinated-pork-loin.jpg","datePublished":"2025-07-18T10:03:19+00:00","dateModified":"2025-09-30T16:53:03+00:00","description":"Longe de porc marin\u00e9e au paprika, produit polyvalent, tendre et juteux, parfait pour une cuisson au gril ou \u00e0 la po\u00eale, ou pour un buffet","breadcrumb":{"@id":"https:\/\/www.costabravafoods.com\/fr\/produit\/longe-entiere-marinee\/#breadcrumb"},"inLanguage":"fr-FR","potentialAction":[{"@type":"ReadAction","target":["https:\/\/www.costabravafoods.com\/fr\/produit\/longe-entiere-marinee\/"]}]},{"@type":"ImageObject","inLanguage":"fr-FR","@id":"https:\/\/www.costabravafoods.com\/fr\/produit\/longe-entiere-marinee\/#primaryimage","url":"https:\/\/www.costabravafoods.com\/wp-content\/uploads\/2025\/07\/lomo-entero-adobado-marinated-pork-loin.jpg","contentUrl":"https:\/\/www.costabravafoods.com\/wp-content\/uploads\/2025\/07\/lomo-entero-adobado-marinated-pork-loin.jpg","width":1000,"height":1000,"caption":"Lomo adobado al piment\u00f3n rojo, producto vers\u00e1til, jugoso y tierno, perfecto para grill, plancha o buffets"},{"@type":"BreadcrumbList","@id":"https:\/\/www.costabravafoods.com\/fr\/produit\/longe-entiere-marinee\/#breadcrumb","itemListElement":[{"@type":"ListItem","position":1,"name":"Portada","item":"https:\/\/www.costabravafoods.com\/fr\/"},{"@type":"ListItem","position":2,"name":"Produits","item":"https:\/\/www.costabravafoods.com\/productos\/"},{"@type":"ListItem","position":3,"name":"Longe enti\u00e8re marin\u00e9e"}]},{"@type":"WebSite","@id":"https:\/\/www.costabravafoods.com\/#website","url":"https:\/\/www.costabravafoods.com\/","name":"Costa Brava Foods","description":"","potentialAction":[{"@type":"SearchAction","target":{"@type":"EntryPoint","urlTemplate":"https:\/\/www.costabravafoods.com\/?s={search_term_string}"},"query-input":{"@type":"PropertyValueSpecification","valueRequired":true,"valueName":"search_term_string"}}],"inLanguage":"fr-FR"}]}},"_links":{"self":[{"href":"https:\/\/www.costabravafoods.com\/fr\/wp-json\/wp\/v2\/product\/32231","targetHints":{"allow":["GET"]}}],"collection":[{"href":"https:\/\/www.costabravafoods.com\/fr\/wp-json\/wp\/v2\/product"}],"about":[{"href":"https:\/\/www.costabravafoods.com\/fr\/wp-json\/wp\/v2\/types\/product"}],"wp:featuredmedia":[{"embeddable":true,"href":"https:\/\/www.costabravafoods.com\/fr\/wp-json\/wp\/v2\/media\/19429"}],"wp:attachment":[{"href":"https:\/\/www.costabravafoods.com\/fr\/wp-json\/wp\/v2\/media?parent=32231"}],"wp:term":[{"taxonomy":"product_brand","embeddable":true,"href":"https:\/\/www.costabravafoods.com\/fr\/wp-json\/wp\/v2\/product_brand?post=32231"},{"taxonomy":"product_cat","embeddable":true,"href":"https:\/\/www.costabravafoods.com\/fr\/wp-json\/wp\/v2\/product_cat?post=32231"},{"taxonomy":"product_tag","embeddable":true,"href":"https:\/\/www.costabravafoods.com\/fr\/wp-json\/wp\/v2\/product_tag?post=32231"},{"taxonomy":"corte_cerdo","embeddable":true,"href":"https:\/\/www.costabravafoods.com\/fr\/wp-json\/wp\/v2\/corte_cerdo?post=32231"},{"taxonomy":"corte_vacuno","embeddable":true,"href":"https:\/\/www.costabravafoods.com\/fr\/wp-json\/wp\/v2\/corte_vacuno?post=32231"},{"taxonomy":"fresh_retail","embeddable":true,"href":"https:\/\/www.costabravafoods.com\/fr\/wp-json\/wp\/v2\/fresh_retail?post=32231"},{"taxonomy":"conservacion","embeddable":true,"href":"https:\/\/www.costabravafoods.com\/fr\/wp-json\/wp\/v2\/conservacion?post=32231"},{"taxonomy":"envase","embeddable":true,"href":"https:\/\/www.costabravafoods.com\/fr\/wp-json\/wp\/v2\/envase?post=32231"},{"taxonomy":"tipo_corte","embeddable":true,"href":"https:\/\/www.costabravafoods.com\/fr\/wp-json\/wp\/v2\/tipo_corte?post=32231"}],"curies":[{"name":"wp","href":"https:\/\/api.w.org\/{rel}","templated":true}]}}