

{"id":33782,"date":"2025-07-18T12:03:19","date_gmt":"2025-07-18T10:03:19","guid":{"rendered":"https:\/\/www.costabravafoods.com\/producto\/%e8%b9%84%e3%81%aa%e3%81%97%e3%81%ae%e3%83%8f%e3%83%a2%e3%83%b3\/"},"modified":"2025-10-01T15:33:29","modified_gmt":"2025-10-01T13:33:29","slug":"%e8%b9%84%e3%81%aa%e3%81%97%e3%81%ae%e3%83%8f%e3%83%a2%e3%83%b3","status":"publish","type":"product","link":"https:\/\/www.costabravafoods.com\/ja\/product\/%e8%b9%84%e3%81%aa%e3%81%97%e3%81%ae%e3%83%8f%e3%83%a2%e3%83%b3\/","title":{"rendered":"\u8e44\u306a\u3057\u306e\u30cf\u30e2\u30f3"},"content":{"rendered":"<p>\u53b3\u9078\u3057\u305f\u8c5a\u3092\u4f7f\u7528\u3057\u3001\u4f1d\u7d71\u7684\u306a\u88fd\u6cd5\u3067\u719f\u6210\u3057\u305f\u30b3\u30b9\u30bf\u30fb\u30d6\u30e9\u30d0\u30fb\u30e1\u30c7\u30a3\u30c6\u30e9\u30cb\u30a2\u30f3\u30fb\u30d5\u30fc\u30ba\u306e\u8e44\u306a\u3057\u306e\u30cf\u30e2\u30f3\u306f\u3001\u672c\u7269\u306e\u98a8\u5473\u3068\u683c\u5225\u306a\u54c1\u8cea\u3092\u5099\u3048\u305f\u624b\u4f5c\u308a\u306e\u9038\u54c1\u3067\u3059\u3002<\/p>\n","protected":false},"excerpt":{"rendered":"<p>\u8e44\u306a\u3057\u306e\u30cf\u30e2\u30f3\u306f\u3001\u30b9\u30da\u30a4\u30f3\u306e\u7f8e\u98df\u306e\u4f1d\u7d71\u7684\u306a\u88fd\u54c1\u3067\u3059\u3002<\/p>\n","protected":false},"featured_media":18666,"template":"","meta":[],"product_brand":[],"product_cat":[464,473],"product_tag":[],"corte_cerdo":[],"corte_vacuno":[],"fresh_retail":[457],"conservacion":[648],"envase":[452],"tipo_corte":[467],"class_list":{"0":"post-33782","1":"product","2":"type-product","3":"status-publish","4":"has-post-thumbnail","6":"product_cat-tradition-ja","7":"product_cat-473","8":"fresh_retail-457","9":"conservacion--ja","10":"envase-452","11":"tipo_corte-467","13":"first","14":"instock","15":"product-type-simple"},"yoast_head":"<!-- This site is optimized with the Yoast SEO plugin v27.2 - https:\/\/yoast.com\/product\/yoast-seo-wordpress\/ -->\n<title>\u8e44\u306a\u3057\u306e\u30cf\u30e2\u30f3<\/title>\n<meta name=\"description\" content=\"\u8e44\u306a\u3057\u306e\u30cf\u30e2\u30f3\u306f\u3001\u30b9\u30da\u30a4\u30f3\u306e\u7f8e\u98df\u306e\u4f1d\u7d71\u7684\u306a\u88fd\u54c1\u3067\u3059\u3002\" \/>\n<meta name=\"robots\" content=\"index, follow, max-snippet:-1, max-image-preview:large, max-video-preview:-1\" \/>\n<link rel=\"canonical\" href=\"https:\/\/www.costabravafoods.com\/ja\/product\/\u8e44\u306a\u3057\u306e\u30cf\u30e2\u30f3\/\" \/>\n<meta property=\"og:locale\" content=\"ja_JP\" \/>\n<meta property=\"og:type\" content=\"article\" \/>\n<meta property=\"og:title\" content=\"\u8e44\u306a\u3057\u306e\u30cf\u30e2\u30f3\" \/>\n<meta property=\"og:description\" content=\"\u8e44\u306a\u3057\u306e\u30cf\u30e2\u30f3\u306f\u3001\u30b9\u30da\u30a4\u30f3\u306e\u7f8e\u98df\u306e\u4f1d\u7d71\u7684\u306a\u88fd\u54c1\u3067\u3059\u3002\" \/>\n<meta property=\"og:url\" content=\"https:\/\/www.costabravafoods.com\/ja\/product\/\u8e44\u306a\u3057\u306e\u30cf\u30e2\u30f3\/\" \/>\n<meta property=\"og:site_name\" content=\"Costa Brava Foods\" \/>\n<meta property=\"article:modified_time\" content=\"2025-10-01T13:33:29+00:00\" \/>\n<meta property=\"og:image\" content=\"https:\/\/www.costabravafoods.com\/wp-content\/uploads\/2025\/07\/jamon-serrano-sin-pezuna.jpg\" \/>\n\t<meta property=\"og:image:width\" content=\"1000\" \/>\n\t<meta property=\"og:image:height\" content=\"1000\" \/>\n\t<meta property=\"og:image:type\" content=\"image\/jpeg\" \/>\n<meta name=\"twitter:card\" content=\"summary_large_image\" \/>\n<script type=\"application\/ld+json\" class=\"yoast-schema-graph\">{\"@context\":\"https:\/\/schema.org\",\"@graph\":[{\"@type\":\"WebPage\",\"@id\":\"https:\/\/www.costabravafoods.com\/ja\/product\/%e8%b9%84%e3%81%aa%e3%81%97%e3%81%ae%e3%83%8f%e3%83%a2%e3%83%b3\/\",\"url\":\"https:\/\/www.costabravafoods.com\/ja\/product\/%e8%b9%84%e3%81%aa%e3%81%97%e3%81%ae%e3%83%8f%e3%83%a2%e3%83%b3\/\",\"name\":\"\u8e44\u306a\u3057\u306e\u30cf\u30e2\u30f3\",\"isPartOf\":{\"@id\":\"https:\/\/www.costabravafoods.com\/#website\"},\"primaryImageOfPage\":{\"@id\":\"https:\/\/www.costabravafoods.com\/ja\/product\/%e8%b9%84%e3%81%aa%e3%81%97%e3%81%ae%e3%83%8f%e3%83%a2%e3%83%b3\/#primaryimage\"},\"image\":{\"@id\":\"https:\/\/www.costabravafoods.com\/ja\/product\/%e8%b9%84%e3%81%aa%e3%81%97%e3%81%ae%e3%83%8f%e3%83%a2%e3%83%b3\/#primaryimage\"},\"thumbnailUrl\":\"https:\/\/www.costabravafoods.com\/wp-content\/uploads\/2025\/07\/jamon-serrano-sin-pezuna.jpg\",\"datePublished\":\"2025-07-18T10:03:19+00:00\",\"dateModified\":\"2025-10-01T13:33:29+00:00\",\"description\":\"\u8e44\u306a\u3057\u306e\u30cf\u30e2\u30f3\u306f\u3001\u30b9\u30da\u30a4\u30f3\u306e\u7f8e\u98df\u306e\u4f1d\u7d71\u7684\u306a\u88fd\u54c1\u3067\u3059\u3002\",\"breadcrumb\":{\"@id\":\"https:\/\/www.costabravafoods.com\/ja\/product\/%e8%b9%84%e3%81%aa%e3%81%97%e3%81%ae%e3%83%8f%e3%83%a2%e3%83%b3\/#breadcrumb\"},\"inLanguage\":\"ja\",\"potentialAction\":[{\"@type\":\"ReadAction\",\"target\":[\"https:\/\/www.costabravafoods.com\/ja\/product\/%e8%b9%84%e3%81%aa%e3%81%97%e3%81%ae%e3%83%8f%e3%83%a2%e3%83%b3\/\"]}]},{\"@type\":\"ImageObject\",\"inLanguage\":\"ja\",\"@id\":\"https:\/\/www.costabravafoods.com\/ja\/product\/%e8%b9%84%e3%81%aa%e3%81%97%e3%81%ae%e3%83%8f%e3%83%a2%e3%83%b3\/#primaryimage\",\"url\":\"https:\/\/www.costabravafoods.com\/wp-content\/uploads\/2025\/07\/jamon-serrano-sin-pezuna.jpg\",\"contentUrl\":\"https:\/\/www.costabravafoods.com\/wp-content\/uploads\/2025\/07\/jamon-serrano-sin-pezuna.jpg\",\"width\":1000,\"height\":1000,\"caption\":\"Jam\u00f3n sin pezu\u00f1a, producto tradicional de la gastronom\u00eda espa\u00f1ola.\"},{\"@type\":\"BreadcrumbList\",\"@id\":\"https:\/\/www.costabravafoods.com\/ja\/product\/%e8%b9%84%e3%81%aa%e3%81%97%e3%81%ae%e3%83%8f%e3%83%a2%e3%83%b3\/#breadcrumb\",\"itemListElement\":[{\"@type\":\"ListItem\",\"position\":1,\"name\":\"Portada\",\"item\":\"https:\/\/www.costabravafoods.com\/ja\/\"},{\"@type\":\"ListItem\",\"position\":2,\"name\":\"\u88fd\u54c1\",\"item\":\"https:\/\/www.costabravafoods.com\/productos\/\"},{\"@type\":\"ListItem\",\"position\":3,\"name\":\"\u8e44\u306a\u3057\u306e\u30cf\u30e2\u30f3\"}]},{\"@type\":\"WebSite\",\"@id\":\"https:\/\/www.costabravafoods.com\/#website\",\"url\":\"https:\/\/www.costabravafoods.com\/\",\"name\":\"Costa Brava Foods\",\"description\":\"\",\"potentialAction\":[{\"@type\":\"SearchAction\",\"target\":{\"@type\":\"EntryPoint\",\"urlTemplate\":\"https:\/\/www.costabravafoods.com\/?s={search_term_string}\"},\"query-input\":{\"@type\":\"PropertyValueSpecification\",\"valueRequired\":true,\"valueName\":\"search_term_string\"}}],\"inLanguage\":\"ja\"}]}<\/script>\n<!-- \/ Yoast SEO plugin. -->","yoast_head_json":{"title":"\u8e44\u306a\u3057\u306e\u30cf\u30e2\u30f3","description":"\u8e44\u306a\u3057\u306e\u30cf\u30e2\u30f3\u306f\u3001\u30b9\u30da\u30a4\u30f3\u306e\u7f8e\u98df\u306e\u4f1d\u7d71\u7684\u306a\u88fd\u54c1\u3067\u3059\u3002","robots":{"index":"index","follow":"follow","max-snippet":"max-snippet:-1","max-image-preview":"max-image-preview:large","max-video-preview":"max-video-preview:-1"},"canonical":"https:\/\/www.costabravafoods.com\/ja\/product\/\u8e44\u306a\u3057\u306e\u30cf\u30e2\u30f3\/","og_locale":"ja_JP","og_type":"article","og_title":"\u8e44\u306a\u3057\u306e\u30cf\u30e2\u30f3","og_description":"\u8e44\u306a\u3057\u306e\u30cf\u30e2\u30f3\u306f\u3001\u30b9\u30da\u30a4\u30f3\u306e\u7f8e\u98df\u306e\u4f1d\u7d71\u7684\u306a\u88fd\u54c1\u3067\u3059\u3002","og_url":"https:\/\/www.costabravafoods.com\/ja\/product\/\u8e44\u306a\u3057\u306e\u30cf\u30e2\u30f3\/","og_site_name":"Costa Brava Foods","article_modified_time":"2025-10-01T13:33:29+00:00","og_image":[{"width":1000,"height":1000,"url":"https:\/\/www.costabravafoods.com\/wp-content\/uploads\/2025\/07\/jamon-serrano-sin-pezuna.jpg","type":"image\/jpeg"}],"twitter_card":"summary_large_image","schema":{"@context":"https:\/\/schema.org","@graph":[{"@type":"WebPage","@id":"https:\/\/www.costabravafoods.com\/ja\/product\/%e8%b9%84%e3%81%aa%e3%81%97%e3%81%ae%e3%83%8f%e3%83%a2%e3%83%b3\/","url":"https:\/\/www.costabravafoods.com\/ja\/product\/%e8%b9%84%e3%81%aa%e3%81%97%e3%81%ae%e3%83%8f%e3%83%a2%e3%83%b3\/","name":"\u8e44\u306a\u3057\u306e\u30cf\u30e2\u30f3","isPartOf":{"@id":"https:\/\/www.costabravafoods.com\/#website"},"primaryImageOfPage":{"@id":"https:\/\/www.costabravafoods.com\/ja\/product\/%e8%b9%84%e3%81%aa%e3%81%97%e3%81%ae%e3%83%8f%e3%83%a2%e3%83%b3\/#primaryimage"},"image":{"@id":"https:\/\/www.costabravafoods.com\/ja\/product\/%e8%b9%84%e3%81%aa%e3%81%97%e3%81%ae%e3%83%8f%e3%83%a2%e3%83%b3\/#primaryimage"},"thumbnailUrl":"https:\/\/www.costabravafoods.com\/wp-content\/uploads\/2025\/07\/jamon-serrano-sin-pezuna.jpg","datePublished":"2025-07-18T10:03:19+00:00","dateModified":"2025-10-01T13:33:29+00:00","description":"\u8e44\u306a\u3057\u306e\u30cf\u30e2\u30f3\u306f\u3001\u30b9\u30da\u30a4\u30f3\u306e\u7f8e\u98df\u306e\u4f1d\u7d71\u7684\u306a\u88fd\u54c1\u3067\u3059\u3002","breadcrumb":{"@id":"https:\/\/www.costabravafoods.com\/ja\/product\/%e8%b9%84%e3%81%aa%e3%81%97%e3%81%ae%e3%83%8f%e3%83%a2%e3%83%b3\/#breadcrumb"},"inLanguage":"ja","potentialAction":[{"@type":"ReadAction","target":["https:\/\/www.costabravafoods.com\/ja\/product\/%e8%b9%84%e3%81%aa%e3%81%97%e3%81%ae%e3%83%8f%e3%83%a2%e3%83%b3\/"]}]},{"@type":"ImageObject","inLanguage":"ja","@id":"https:\/\/www.costabravafoods.com\/ja\/product\/%e8%b9%84%e3%81%aa%e3%81%97%e3%81%ae%e3%83%8f%e3%83%a2%e3%83%b3\/#primaryimage","url":"https:\/\/www.costabravafoods.com\/wp-content\/uploads\/2025\/07\/jamon-serrano-sin-pezuna.jpg","contentUrl":"https:\/\/www.costabravafoods.com\/wp-content\/uploads\/2025\/07\/jamon-serrano-sin-pezuna.jpg","width":1000,"height":1000,"caption":"Jam\u00f3n sin pezu\u00f1a, producto tradicional de la gastronom\u00eda espa\u00f1ola."},{"@type":"BreadcrumbList","@id":"https:\/\/www.costabravafoods.com\/ja\/product\/%e8%b9%84%e3%81%aa%e3%81%97%e3%81%ae%e3%83%8f%e3%83%a2%e3%83%b3\/#breadcrumb","itemListElement":[{"@type":"ListItem","position":1,"name":"Portada","item":"https:\/\/www.costabravafoods.com\/ja\/"},{"@type":"ListItem","position":2,"name":"\u88fd\u54c1","item":"https:\/\/www.costabravafoods.com\/productos\/"},{"@type":"ListItem","position":3,"name":"\u8e44\u306a\u3057\u306e\u30cf\u30e2\u30f3"}]},{"@type":"WebSite","@id":"https:\/\/www.costabravafoods.com\/#website","url":"https:\/\/www.costabravafoods.com\/","name":"Costa Brava Foods","description":"","potentialAction":[{"@type":"SearchAction","target":{"@type":"EntryPoint","urlTemplate":"https:\/\/www.costabravafoods.com\/?s={search_term_string}"},"query-input":{"@type":"PropertyValueSpecification","valueRequired":true,"valueName":"search_term_string"}}],"inLanguage":"ja"}]}},"_links":{"self":[{"href":"https:\/\/www.costabravafoods.com\/ja\/wp-json\/wp\/v2\/product\/33782","targetHints":{"allow":["GET"]}}],"collection":[{"href":"https:\/\/www.costabravafoods.com\/ja\/wp-json\/wp\/v2\/product"}],"about":[{"href":"https:\/\/www.costabravafoods.com\/ja\/wp-json\/wp\/v2\/types\/product"}],"wp:featuredmedia":[{"embeddable":true,"href":"https:\/\/www.costabravafoods.com\/ja\/wp-json\/wp\/v2\/media\/18666"}],"wp:attachment":[{"href":"https:\/\/www.costabravafoods.com\/ja\/wp-json\/wp\/v2\/media?parent=33782"}],"wp:term":[{"taxonomy":"product_brand","embeddable":true,"href":"https:\/\/www.costabravafoods.com\/ja\/wp-json\/wp\/v2\/product_brand?post=33782"},{"taxonomy":"product_cat","embeddable":true,"href":"https:\/\/www.costabravafoods.com\/ja\/wp-json\/wp\/v2\/product_cat?post=33782"},{"taxonomy":"product_tag","embeddable":true,"href":"https:\/\/www.costabravafoods.com\/ja\/wp-json\/wp\/v2\/product_tag?post=33782"},{"taxonomy":"corte_cerdo","embeddable":true,"href":"https:\/\/www.costabravafoods.com\/ja\/wp-json\/wp\/v2\/corte_cerdo?post=33782"},{"taxonomy":"corte_vacuno","embeddable":true,"href":"https:\/\/www.costabravafoods.com\/ja\/wp-json\/wp\/v2\/corte_vacuno?post=33782"},{"taxonomy":"fresh_retail","embeddable":true,"href":"https:\/\/www.costabravafoods.com\/ja\/wp-json\/wp\/v2\/fresh_retail?post=33782"},{"taxonomy":"conservacion","embeddable":true,"href":"https:\/\/www.costabravafoods.com\/ja\/wp-json\/wp\/v2\/conservacion?post=33782"},{"taxonomy":"envase","embeddable":true,"href":"https:\/\/www.costabravafoods.com\/ja\/wp-json\/wp\/v2\/envase?post=33782"},{"taxonomy":"tipo_corte","embeddable":true,"href":"https:\/\/www.costabravafoods.com\/ja\/wp-json\/wp\/v2\/tipo_corte?post=33782"}],"curies":[{"name":"wp","href":"https:\/\/api.w.org\/{rel}","templated":true}]}}